{"id":1003,"date":"2016-04-22T23:09:38","date_gmt":"2016-04-22T22:09:38","guid":{"rendered":"http:\/\/cas.zulaibar.org\/?page_id=989"},"modified":"2020-05-05T12:03:30","modified_gmt":"2020-05-05T11:03:30","slug":"ethazi-ciclos-de-alto-rendimiento","status":"publish","type":"page","link":"https:\/\/www.zulaibar.net\/es\/ethazi-ciclos-de-alto-rendimiento\/","title":{"rendered":"ETHAZI (Ciclos de alto rendimiento)"},"content":{"rendered":"<p>[vc_row][vc_column][vc_empty_space][\/vc_column][\/vc_row][vc_row][vc_column width=&#8221;2\/3&#8243; offset=&#8221;vc_col-lg-8 vc_col-md-7 vc_col-xs-12&#8243;][vc_column_text]Zulaibar Lanbide Ikastegia, apuesta por la\u00a0<strong>innovaci\u00f3n metodol\u00f3gica<\/strong>\u00a0impartiendo sus ciclos mediante la metodolog\u00eda ETHAZI (Ciclos de alto rendimiento).[\/vc_column_text][vc_column_text]<\/p>\n<h3><strong>\u00bfQu\u00e9 es ETHAZI?<\/strong><\/h3>\n<p>ETHAZI plantea un nuevo \u201cescenario de aprendizaje\u201d que se basa en dos pilares fundamentales:[\/vc_column_text][vc_row_inner][vc_column_inner width=&#8221;1\/2&#8243;][vc_message message_box_color=&#8221;success&#8221; icon_fontawesome=&#8221;fa fa-puzzle-piece&#8221;]<\/p>\n<h4>Retos:<\/h4>\n<p>\u2022 Desaparece la estructura de m\u00f3dulos o asignaturas independientes<br \/>\n\u2022 Los retos son <strong>intermodulares<\/strong> (implican diferentes m\u00f3dulos de forma simult\u00e1nea)<br \/>\n\u2022 Ofrecen una perspectiva m\u00e1s <strong>globa<\/strong>l y <strong>significativa<\/strong><br \/>\n\u2022 Aportan un punto de vista <strong>pr\u00e1ctico<\/strong> y m\u00e1s <strong>conectado al mundo profesional<\/strong> (retos\u00a0en colaboraci\u00f3n\u00a0con las empresas del entorno)[\/vc_message][\/vc_column_inner][vc_column_inner width=&#8221;1\/2&#8243;][vc_message message_box_color=&#8221;success&#8221; icon_fontawesome=&#8221;fa fa-users&#8221;]<\/p>\n<h4>Trabajo en equipo:<\/h4>\n<p>\u2022 Se basa en <strong>aprendizaje colaborativo<\/strong><br \/>\n\u2022 Se trabajan competencias transversales:<\/p>\n<ol>\n<li>trabajo en equipo<\/li>\n<li>comunicaci\u00f3n<\/li>\n<li>resoluci\u00f3n de conflictos<\/li>\n<li>toma de decisiones<\/li>\n<\/ol>\n<p>[\/vc_message][\/vc_column_inner][\/vc_row_inner][vc_custom_heading text=&#8221;Adem\u00e1s promueve:&#8221; font_container=&#8221;tag:h3|text_align:left&#8221; google_fonts=&#8221;font_family:Montserrat%3Aregular%2C700|font_style:400%20regular%3A400%3Anormal&#8221; css=&#8221;.vc_custom_1463569555897{padding-bottom: 15px !important;}&#8221;]\n        <ul class=\"fa-ul academia-quickinfo\">\n                        <li><i class=\"fa-li fa fa-diamond\"><\/i>Creatividad<\/li>\n                                        <li><i class=\"fa-li fa fa-hourglass\"><\/i>Gesti\u00f3n del tiempo<\/li>\n                                        <li><i class=\"fa-li fa fa-graduation-cap\"><\/i>Aprendizaje aut\u00f3nomo<\/li>\n                                        <li><i class=\"fa-li fa fa-eye\"><\/i>Aprendizaje por descubrimiento. El profesor es un coach, un gu\u00eda. El alumno protagoniza su propio proceso de aprendizaje.<\/li>\n                                        <li><i class=\"fa-li fa fa-thumbs-o-up\"><\/i>Competencia digital<\/li>\n                                                                        \n        <\/ul>\n\n\n        [\/vc_column][vc_column width=&#8221;1\/3&#8243;][vc_cta h2=&#8221;\u00bf Por qu\u00e9 ETHAZI?&#8221;]Las empresas cada vez m\u00e1s nos demandan una alta cualificaci\u00f3n t\u00e9cnica, pero sobre todo personas capaces de adaptarse, afrontar\u00a0 y liderar nuevas situaciones o retos. Este modelo colaborativo pretende poner \u00e9nfasis en el aula a las competencias personales y sociales necesarias para dar respuesta a esta demanda.<\/p>\n<p>El aprendizaje colaborativo basado en RETOS posibilita:<\/p>\n<ul>\n<li>Mayor grado de adquisici\u00f3n de las\u00a0<strong>competencias t\u00e9cnicas mediante retos pr\u00e1cticos conectados con el mundo laboral<\/strong><\/li>\n<li>Desarrollo de las\u00a0<strong>competencias transversales<\/strong>\u00a0(<em>trabajo en equipo, competencia digital, liderazgo, toma de decisiones<\/em>, resoluci\u00f3n de problemas, emprendizaje)<\/li>\n<\/ul>\n<p>[\/vc_cta][vc_single_image image=&#8221;3324&#8243; img_size=&#8221;medium&#8221; alignment=&#8221;center&#8221; css_animation=&#8221;left-to-right&#8221;][\/vc_column][\/vc_row]<\/p>\n","protected":false},"excerpt":{"rendered":"<p>[vc_row][vc_column][vc_empty_space][\/vc_column][\/vc_row][vc_row][vc_column width=&#8221;2\/3&#8243; offset=&#8221;vc_col-lg-8 vc_col-md-7 vc_col-xs-12&#8243;][vc_column_text]Zulaibar Lanbide Ikastegia, apuesta por la\u00a0innovaci\u00f3n metodol\u00f3gica\u00a0impartiendo sus ciclos mediante la [&hellip;]<\/p>\n","protected":false},"author":1,"featured_media":0,"parent":0,"menu_order":0,"comment_status":"closed","ping_status":"closed","template":"","meta":[],"yoast_head":"<!-- This site is optimized with the Yoast SEO plugin v20.5 - https:\/\/yoast.com\/wordpress\/plugins\/seo\/ -->\n<title>ETHAZI (Ciclos de alto rendimiento) - Zulaibar Arratiako Lanbide Ikastegia<\/title>\n<meta name=\"robots\" content=\"index, follow, max-snippet:-1, max-image-preview:large, max-video-preview:-1\" \/>\n<link rel=\"canonical\" href=\"https:\/\/www.zulaibar.net\/es\/ethazi-ciclos-de-alto-rendimiento\/\" \/>\n<meta property=\"og:locale\" content=\"es_ES\" \/>\n<meta property=\"og:type\" content=\"article\" \/>\n<meta property=\"og:title\" content=\"ETHAZI (Ciclos de alto rendimiento) - Zulaibar Arratiako Lanbide Ikastegia\" \/>\n<meta property=\"og:description\" content=\"[vc_row][vc_column][vc_empty_space][\/vc_column][\/vc_row][vc_row][vc_column width=&#8221;2\/3&#8243; offset=&#8221;vc_col-lg-8 vc_col-md-7 vc_col-xs-12&#8243;][vc_column_text]Zulaibar Lanbide Ikastegia, apuesta por la\u00a0innovaci\u00f3n metodol\u00f3gica\u00a0impartiendo sus ciclos mediante la [&hellip;]\" \/>\n<meta property=\"og:url\" content=\"https:\/\/www.zulaibar.net\/es\/ethazi-ciclos-de-alto-rendimiento\/\" \/>\n<meta property=\"og:site_name\" content=\"Zulaibar Arratiako Lanbide Ikastegia\" \/>\n<meta property=\"article:publisher\" content=\"https:\/\/www.facebook.com\/zulaibar.arratiakolanbideikastegia\" \/>\n<meta property=\"article:modified_time\" content=\"2020-05-05T11:03:30+00:00\" \/>\n<meta name=\"twitter:label1\" content=\"Tiempo de lectura\" \/>\n\t<meta name=\"twitter:data1\" content=\"2 minutos\" \/>\n<script type=\"application\/ld+json\" class=\"yoast-schema-graph\">{\"@context\":\"https:\/\/schema.org\",\"@graph\":[{\"@type\":\"WebPage\",\"@id\":\"https:\/\/www.zulaibar.net\/es\/ethazi-ciclos-de-alto-rendimiento\/\",\"url\":\"https:\/\/www.zulaibar.net\/es\/ethazi-ciclos-de-alto-rendimiento\/\",\"name\":\"ETHAZI (Ciclos de alto rendimiento) - Zulaibar Arratiako Lanbide Ikastegia\",\"isPartOf\":{\"@id\":\"https:\/\/www.zulaibar.net\/#website\"},\"datePublished\":\"2016-04-22T22:09:38+00:00\",\"dateModified\":\"2020-05-05T11:03:30+00:00\",\"breadcrumb\":{\"@id\":\"https:\/\/www.zulaibar.net\/es\/ethazi-ciclos-de-alto-rendimiento\/#breadcrumb\"},\"inLanguage\":\"es\",\"potentialAction\":[{\"@type\":\"ReadAction\",\"target\":[\"https:\/\/www.zulaibar.net\/es\/ethazi-ciclos-de-alto-rendimiento\/\"]}]},{\"@type\":\"BreadcrumbList\",\"@id\":\"https:\/\/www.zulaibar.net\/es\/ethazi-ciclos-de-alto-rendimiento\/#breadcrumb\",\"itemListElement\":[{\"@type\":\"ListItem\",\"position\":1,\"name\":\"Portada\",\"item\":\"https:\/\/www.zulaibar.net\/es\/\"},{\"@type\":\"ListItem\",\"position\":2,\"name\":\"ETHAZI (Ciclos de alto rendimiento)\"}]},{\"@type\":\"WebSite\",\"@id\":\"https:\/\/www.zulaibar.net\/#website\",\"url\":\"https:\/\/www.zulaibar.net\/\",\"name\":\"Zulaibar Arratiako Lanbide Ikastegia\",\"description\":\"Zulaibar Arratiako Lanbide Ikastegiaren web gunea\",\"potentialAction\":[{\"@type\":\"SearchAction\",\"target\":{\"@type\":\"EntryPoint\",\"urlTemplate\":\"https:\/\/www.zulaibar.net\/?s={search_term_string}\"},\"query-input\":\"required name=search_term_string\"}],\"inLanguage\":\"es\"}]}<\/script>\n<!-- \/ Yoast SEO plugin. -->","yoast_head_json":{"title":"ETHAZI (Ciclos de alto rendimiento) - Zulaibar Arratiako Lanbide Ikastegia","robots":{"index":"index","follow":"follow","max-snippet":"max-snippet:-1","max-image-preview":"max-image-preview:large","max-video-preview":"max-video-preview:-1"},"canonical":"https:\/\/www.zulaibar.net\/es\/ethazi-ciclos-de-alto-rendimiento\/","og_locale":"es_ES","og_type":"article","og_title":"ETHAZI (Ciclos de alto rendimiento) - Zulaibar Arratiako Lanbide Ikastegia","og_description":"[vc_row][vc_column][vc_empty_space][\/vc_column][\/vc_row][vc_row][vc_column width=&#8221;2\/3&#8243; offset=&#8221;vc_col-lg-8 vc_col-md-7 vc_col-xs-12&#8243;][vc_column_text]Zulaibar Lanbide Ikastegia, apuesta por la\u00a0innovaci\u00f3n metodol\u00f3gica\u00a0impartiendo sus ciclos mediante la [&hellip;]","og_url":"https:\/\/www.zulaibar.net\/es\/ethazi-ciclos-de-alto-rendimiento\/","og_site_name":"Zulaibar Arratiako Lanbide Ikastegia","article_publisher":"https:\/\/www.facebook.com\/zulaibar.arratiakolanbideikastegia","article_modified_time":"2020-05-05T11:03:30+00:00","twitter_misc":{"Tiempo de lectura":"2 minutos"},"schema":{"@context":"https:\/\/schema.org","@graph":[{"@type":"WebPage","@id":"https:\/\/www.zulaibar.net\/es\/ethazi-ciclos-de-alto-rendimiento\/","url":"https:\/\/www.zulaibar.net\/es\/ethazi-ciclos-de-alto-rendimiento\/","name":"ETHAZI (Ciclos de alto rendimiento) - Zulaibar Arratiako Lanbide Ikastegia","isPartOf":{"@id":"https:\/\/www.zulaibar.net\/#website"},"datePublished":"2016-04-22T22:09:38+00:00","dateModified":"2020-05-05T11:03:30+00:00","breadcrumb":{"@id":"https:\/\/www.zulaibar.net\/es\/ethazi-ciclos-de-alto-rendimiento\/#breadcrumb"},"inLanguage":"es","potentialAction":[{"@type":"ReadAction","target":["https:\/\/www.zulaibar.net\/es\/ethazi-ciclos-de-alto-rendimiento\/"]}]},{"@type":"BreadcrumbList","@id":"https:\/\/www.zulaibar.net\/es\/ethazi-ciclos-de-alto-rendimiento\/#breadcrumb","itemListElement":[{"@type":"ListItem","position":1,"name":"Portada","item":"https:\/\/www.zulaibar.net\/es\/"},{"@type":"ListItem","position":2,"name":"ETHAZI (Ciclos de alto rendimiento)"}]},{"@type":"WebSite","@id":"https:\/\/www.zulaibar.net\/#website","url":"https:\/\/www.zulaibar.net\/","name":"Zulaibar Arratiako Lanbide Ikastegia","description":"Zulaibar Arratiako Lanbide Ikastegiaren web gunea","potentialAction":[{"@type":"SearchAction","target":{"@type":"EntryPoint","urlTemplate":"https:\/\/www.zulaibar.net\/?s={search_term_string}"},"query-input":"required name=search_term_string"}],"inLanguage":"es"}]}},"_links":{"self":[{"href":"https:\/\/www.zulaibar.net\/es\/wp-json\/wp\/v2\/pages\/1003"}],"collection":[{"href":"https:\/\/www.zulaibar.net\/es\/wp-json\/wp\/v2\/pages"}],"about":[{"href":"https:\/\/www.zulaibar.net\/es\/wp-json\/wp\/v2\/types\/page"}],"author":[{"embeddable":true,"href":"https:\/\/www.zulaibar.net\/es\/wp-json\/wp\/v2\/users\/1"}],"replies":[{"embeddable":true,"href":"https:\/\/www.zulaibar.net\/es\/wp-json\/wp\/v2\/comments?post=1003"}],"version-history":[{"count":17,"href":"https:\/\/www.zulaibar.net\/es\/wp-json\/wp\/v2\/pages\/1003\/revisions"}],"predecessor-version":[{"id":4428,"href":"https:\/\/www.zulaibar.net\/es\/wp-json\/wp\/v2\/pages\/1003\/revisions\/4428"}],"wp:attachment":[{"href":"https:\/\/www.zulaibar.net\/es\/wp-json\/wp\/v2\/media?parent=1003"}],"curies":[{"name":"wp","href":"https:\/\/api.w.org\/{rel}","templated":true}]}}