{"id":1736,"date":"2016-01-13T05:51:12","date_gmt":"2016-01-13T05:51:12","guid":{"rendered":"http:\/\/academiawp.demo.themexpert.com\/?page_id=1736"},"modified":"2023-02-10T12:58:07","modified_gmt":"2023-02-10T11:58:07","slug":"contacto","status":"publish","type":"page","link":"https:\/\/www.zulaibar.net\/es\/contacto\/","title":{"rendered":"Contacto"},"content":{"rendered":"<p>[vc_row][vc_column][vc_empty_space height=&#8221;64px&#8221;][\/vc_column][\/vc_row][vc_row][vc_column width=&#8221;2\/3&#8243;][vc_tta_tabs][vc_tta_section i_type=&#8221;linecons&#8221; i_icon_linecons=&#8221;vc_li vc_li-mail&#8221; title=&#8221;Contacta con nosotros&#8221; tab_id=&#8221;contacta-con-nosotros&#8221; add_icon=&#8221;true&#8221;]\n<div class=\"wpcf7 no-js\" id=\"wpcf7-f983-o1\" lang=\"en-US\" dir=\"ltr\">\n<div class=\"screen-reader-response\"><p role=\"status\" aria-live=\"polite\" aria-atomic=\"true\"><\/p> <ul><\/ul><\/div>\n<form action=\"\/es\/wp-json\/wp\/v2\/pages\/1736#wpcf7-f983-o1\" method=\"post\" class=\"wpcf7-form init\" aria-label=\"Contact form\" novalidate=\"novalidate\" data-status=\"init\">\n<div style=\"display: none;\">\n<input type=\"hidden\" name=\"_wpcf7\" value=\"983\" \/>\n<input type=\"hidden\" name=\"_wpcf7_version\" value=\"5.7.5.1\" \/>\n<input type=\"hidden\" name=\"_wpcf7_locale\" value=\"en_US\" \/>\n<input type=\"hidden\" name=\"_wpcf7_unit_tag\" value=\"wpcf7-f983-o1\" \/>\n<input type=\"hidden\" name=\"_wpcf7_container_post\" value=\"0\" \/>\n<input type=\"hidden\" name=\"_wpcf7_posted_data_hash\" value=\"\" \/>\n<\/div>\n<p>Tu nombre (obligatorio)\n<\/p>\n<p><span class=\"wpcf7-form-control-wrap\" data-name=\"your-name\"><input size=\"40\" class=\"wpcf7-form-control wpcf7-text wpcf7-validates-as-required\" aria-required=\"true\" aria-invalid=\"false\" value=\"\" type=\"text\" name=\"your-name\" \/><\/span>\n<\/p>\n<p>Tu Email (obligatorio)\n<\/p>\n<p><span class=\"wpcf7-form-control-wrap\" data-name=\"your-email\"><input size=\"40\" class=\"wpcf7-form-control wpcf7-text wpcf7-email wpcf7-validates-as-required wpcf7-validates-as-email\" aria-required=\"true\" aria-invalid=\"false\" value=\"\" type=\"email\" name=\"your-email\" \/><\/span>\n<\/p>\n<p>Tel\u00e9fono\n<\/p>\n<p><span class=\"wpcf7-form-control-wrap\" data-name=\"tel-697\"><input size=\"40\" class=\"wpcf7-form-control wpcf7-text wpcf7-tel wpcf7-validates-as-tel\" aria-invalid=\"false\" value=\"\" type=\"tel\" name=\"tel-697\" \/><\/span>\n<\/p>\n<p>Asunto\n<\/p>\n<p><span class=\"wpcf7-form-control-wrap\" data-name=\"menu-349\"><select class=\"wpcf7-form-control wpcf7-select wpcf7-validates-as-required\" aria-required=\"true\" aria-invalid=\"false\" name=\"menu-349\"><option value=\"Informaci\u00f3n ciclos\">Informaci\u00f3n ciclos<\/option><option value=\"Otros\">Otros<\/option><\/select><\/span>\n<\/p>\n<p>Mensaje\n<\/p>\n<p><span class=\"wpcf7-form-control-wrap\" data-name=\"your-message\"><textarea cols=\"40\" rows=\"10\" class=\"wpcf7-form-control wpcf7-textarea\" aria-invalid=\"false\" name=\"your-message\"><\/textarea><\/span>\n<\/p>\n<p><input class=\"wpcf7-form-control has-spinner wpcf7-submit\" type=\"submit\" value=\"Enviar\" \/>\n<\/p>\n<p><span class=\"wpcf7-form-control-wrap\" data-name=\"checkbox-78\"><span class=\"wpcf7-form-control wpcf7-checkbox wpcf7-validates-as-required\"><span class=\"wpcf7-list-item first last\"><input type=\"checkbox\" name=\"checkbox-78[]\" value=\"De conformidad con lo dispuesto en la Ley Org\u00e1nica de Protecci\u00f3n de Datos de Car\u00e1cter Personal, le informamos que los datos que nos facilite ser\u00e1n incorporados a un fichero automatizado del que es responsable ARRATIAKO ZULAIBAR LANBIDE IKASTEGIA, con domicilio en Barrio Zulaibar 17, 48144 Zeanuri (BIZKAIA), con la finalidad de gestionar su solicitud as\u00ed como para, salvo que indique lo contrario, remitirle por medios postales y electr\u00f3nicos, informaci\u00f3n de las distintas actividades que organiza o participa ZULAIBAR ARRATIAKO LANBIDE IKASTEGIA. Podr\u00e1 ejercitar sus derechos de acceso, rectificaci\u00f3n, cancelaci\u00f3n y oposici\u00f3n mediante correo electr\u00f3nico a: info@zulaibar.net.\" \/><span class=\"wpcf7-list-item-label\">De conformidad con lo dispuesto en la Ley Org\u00e1nica de Protecci\u00f3n de Datos de Car\u00e1cter Personal, le informamos que los datos que nos facilite ser\u00e1n incorporados a un fichero automatizado del que es responsable ARRATIAKO ZULAIBAR LANBIDE IKASTEGIA, con domicilio en Barrio Zulaibar 17, 48144 Zeanuri (BIZKAIA), con la finalidad de gestionar su solicitud as\u00ed como para, salvo que indique lo contrario, remitirle por medios postales y electr\u00f3nicos, informaci\u00f3n de las distintas actividades que organiza o participa ZULAIBAR ARRATIAKO LANBIDE IKASTEGIA. Podr\u00e1 ejercitar sus derechos de acceso, rectificaci\u00f3n, cancelaci\u00f3n y oposici\u00f3n mediante correo electr\u00f3nico a: info@zulaibar.net.<\/span><\/span><\/span><\/span>\n<\/p><p style=\"display: none !important;\"><label>&#916;<textarea name=\"_wpcf7_ak_hp_textarea\" cols=\"45\" rows=\"8\" maxlength=\"100\"><\/textarea><\/label><input type=\"hidden\" id=\"ak_js_1\" name=\"_wpcf7_ak_js\" value=\"26\"\/><script>document.getElementById( \"ak_js_1\" ).setAttribute( \"value\", ( new Date() ).getTime() );<\/script><\/p><div class=\"wpcf7-response-output\" aria-hidden=\"true\"><\/div>\n<\/form>\n<\/div>\n[\/vc_tta_section][vc_tta_section i_type=&#8221;linecons&#8221; i_icon_linecons=&#8221;vc_li vc_li-study&#8221; title=&#8221;Me quiero matricular&#8221; tab_id=&#8221;me-quiero-matricular&#8221; add_icon=&#8221;true&#8221;]\n<div class=\"wpcf7 no-js\" id=\"wpcf7-f3272-o2\" lang=\"en-US\" dir=\"ltr\">\n<div class=\"screen-reader-response\"><p role=\"status\" aria-live=\"polite\" aria-atomic=\"true\"><\/p> <ul><\/ul><\/div>\n<form action=\"\/es\/wp-json\/wp\/v2\/pages\/1736#wpcf7-f3272-o2\" method=\"post\" class=\"wpcf7-form init\" aria-label=\"Contact form\" novalidate=\"novalidate\" data-status=\"init\">\n<div style=\"display: none;\">\n<input type=\"hidden\" name=\"_wpcf7\" value=\"3272\" \/>\n<input type=\"hidden\" name=\"_wpcf7_version\" value=\"5.7.5.1\" \/>\n<input type=\"hidden\" name=\"_wpcf7_locale\" value=\"en_US\" \/>\n<input type=\"hidden\" name=\"_wpcf7_unit_tag\" value=\"wpcf7-f3272-o2\" \/>\n<input type=\"hidden\" name=\"_wpcf7_container_post\" value=\"0\" \/>\n<input type=\"hidden\" name=\"_wpcf7_posted_data_hash\" value=\"\" \/>\n<\/div>\n<p>Tu nombre (obligatorio)\n<\/p>\n<p><span class=\"wpcf7-form-control-wrap\" data-name=\"your-name\"><input size=\"40\" class=\"wpcf7-form-control wpcf7-text wpcf7-validates-as-required\" aria-required=\"true\" aria-invalid=\"false\" value=\"\" type=\"text\" name=\"your-name\" \/><\/span>\n<\/p>\n<p>Tu Email (obligatorio)\n<\/p>\n<p><span class=\"wpcf7-form-control-wrap\" data-name=\"your-email\"><input size=\"40\" class=\"wpcf7-form-control wpcf7-text wpcf7-email wpcf7-validates-as-required wpcf7-validates-as-email\" aria-required=\"true\" aria-invalid=\"false\" value=\"\" type=\"email\" name=\"your-email\" \/><\/span>\n<\/p>\n<p>Tel\u00e9fono\n<\/p>\n<p><span class=\"wpcf7-form-control-wrap\" data-name=\"tel-697\"><input size=\"40\" class=\"wpcf7-form-control wpcf7-text wpcf7-tel wpcf7-validates-as-tel\" aria-invalid=\"false\" value=\"\" type=\"tel\" name=\"tel-697\" \/><\/span>\n<\/p>\n<p>Selecciona el ciclo:\n<\/p>\n<p><span class=\"wpcf7-form-control-wrap\" data-name=\"menu-349\"><select class=\"wpcf7-form-control wpcf7-select wpcf7-validates-as-required\" aria-required=\"true\" aria-invalid=\"false\" name=\"menu-349\"><option value=\"T\u00edtulo Profesional B\u00e1sico en Electricidad y Electr\u00f3nica\">T\u00edtulo Profesional B\u00e1sico en Electricidad y Electr\u00f3nica<\/option><option value=\"T\u00edtulo Profesional B\u00e1sico en Fabricaci\u00f3n de Elementos Met\u00e1licos\">T\u00edtulo Profesional B\u00e1sico en Fabricaci\u00f3n de Elementos Met\u00e1licos<\/option><option value=\"Instalaciones Electrot\u00e9cnicas y Mec\u00e1nicas\">Instalaciones Electrot\u00e9cnicas y Mec\u00e1nicas<\/option><option value=\"T\u00e9cnico en Mecanizado\">T\u00e9cnico en Mecanizado<\/option><option value=\"T\u00e9cnico en Atenci\u00f3n a Personas en Situaci\u00f3n de Dependencia\">T\u00e9cnico en Atenci\u00f3n a Personas en Situaci\u00f3n de Dependencia<\/option><option value=\"T\u00e9cnico Superior en Dise\u00f1o en Fabricaci\u00f3n Mec\u00e1nica\">T\u00e9cnico Superior en Dise\u00f1o en Fabricaci\u00f3n Mec\u00e1nica<\/option><option value=\"T\u00e9cnico Superior en Programaci\u00f3n de la Producci\u00f3n en Fabricaci\u00f3n Mec\u00e1nica\">T\u00e9cnico Superior en Programaci\u00f3n de la Producci\u00f3n en Fabricaci\u00f3n Mec\u00e1nica<\/option><\/select><\/span>\n<\/p>\n<p>Otra informaci\u00f3n\n<\/p>\n<p><span class=\"wpcf7-form-control-wrap\" data-name=\"your-message\"><textarea cols=\"40\" rows=\"10\" class=\"wpcf7-form-control wpcf7-textarea\" aria-invalid=\"false\" name=\"your-message\"><\/textarea><\/span>\n<\/p>\n<p><input class=\"wpcf7-form-control has-spinner wpcf7-submit\" type=\"submit\" value=\"Enviar\" \/>\n<\/p>\n<p><span class=\"wpcf7-form-control-wrap\" data-name=\"checkbox-99\"><span class=\"wpcf7-form-control wpcf7-checkbox wpcf7-validates-as-required\"><span class=\"wpcf7-list-item first last\"><input type=\"checkbox\" name=\"checkbox-99[]\" value=\"De conformidad con lo dispuesto en la Ley Org\u00e1nica de Protecci\u00f3n de Datos de Car\u00e1cter Personal, le informamos que los datos que nos facilite ser\u00e1n incorporados a un fichero automatizado del que es responsable ARRATIAKO ZULAIBAR LANBIDE IKASTEGIA, con domicilio en Barrio Zulaibar 17, 48144 Zeanuri (BIZKAIA), con la finalidad de gestionar su solicitud as\u00ed como para, salvo que indique lo contrario, remitirle por medios postales y electr\u00f3nicos, informaci\u00f3n de las distintas actividades que organiza o participa ZULAIBAR ARRATIAKO LANBIDE IKASTEGIA. Podr\u00e1 ejercitar sus derechos de acceso, rectificaci\u00f3n, cancelaci\u00f3n y oposici\u00f3n mediante correo electr\u00f3nico a: info@zulaibar.org.\" \/><span class=\"wpcf7-list-item-label\">De conformidad con lo dispuesto en la Ley Org\u00e1nica de Protecci\u00f3n de Datos de Car\u00e1cter Personal, le informamos que los datos que nos facilite ser\u00e1n incorporados a un fichero automatizado del que es responsable ARRATIAKO ZULAIBAR LANBIDE IKASTEGIA, con domicilio en Barrio Zulaibar 17, 48144 Zeanuri (BIZKAIA), con la finalidad de gestionar su solicitud as\u00ed como para, salvo que indique lo contrario, remitirle por medios postales y electr\u00f3nicos, informaci\u00f3n de las distintas actividades que organiza o participa ZULAIBAR ARRATIAKO LANBIDE IKASTEGIA. Podr\u00e1 ejercitar sus derechos de acceso, rectificaci\u00f3n, cancelaci\u00f3n y oposici\u00f3n mediante correo electr\u00f3nico a: info@zulaibar.org.<\/span><\/span><\/span><\/span>\n<\/p><p style=\"display: none !important;\"><label>&#916;<textarea name=\"_wpcf7_ak_hp_textarea\" cols=\"45\" rows=\"8\" maxlength=\"100\"><\/textarea><\/label><input type=\"hidden\" id=\"ak_js_2\" name=\"_wpcf7_ak_js\" value=\"170\"\/><script>document.getElementById( \"ak_js_2\" ).setAttribute( \"value\", ( new Date() ).getTime() );<\/script><\/p><div class=\"wpcf7-response-output\" aria-hidden=\"true\"><\/div>\n<\/form>\n<\/div>\n[\/vc_tta_section][\/vc_tta_tabs][\/vc_column][vc_column width=&#8221;1\/3&#8243;][vc_empty_space][vc_column_text]<\/p>\n<div class=\"gdl-page-float-left\">\n<div class=\"gdl-page-item\">\n<div class=\"sixteen columns mb20\">\n<div class=\"gdl-page-content\">\n<h3><strong>HORARIO DE SECRETAR\u00cdA<\/strong><\/h3>\n<p>Lunes a Jueves:<br \/>\n8:00 h \u2013 14:00 h<br \/>\n15:00 h \u2013 16:00 h<br \/>\nViernes: 8:00 h \u2013 14:00 h<\/p>\n<\/div>\n<\/div>\n<\/div>\n<\/div>\n<p>[\/vc_column_text][vc_column_text]<\/p>\n<div class=\"gdl-page-float-left\">\n<div class=\"gdl-page-item\">\n<div class=\"sixteen columns mb20\">\n<h3 class=\"gdl-page-content\"><strong>HORARIO DE ENSE\u00d1ANZA REGLADA<\/strong><\/h3>\n<p><strong>CICLOS FORMATIVOS Y FPB<\/strong><br \/>\nLunes-Viernes: 8:00 h \u2013 14:10 h<\/p>\n<\/div>\n<\/div>\n<\/div>\n<p>[\/vc_column_text][vc_row_inner][vc_column_inner width=&#8221;1\/3&#8243;][vc_icon type=&#8221;typicons&#8221; icon_typicons=&#8221;typcn typcn-phone&#8221; color=&#8221;black&#8221; size=&#8221;lg&#8221; css_animation=&#8221;left-to-right&#8221;][vc_column_text css_animation=&#8221;right-to-left&#8221;]<\/p>\n<p style=\"text-align: left;\">94 673 91 16<\/p>\n<p style=\"text-align: left;\">[\/vc_column_text][\/vc_column_inner][vc_column_inner width=&#8221;1\/3&#8243;][vc_icon type=&#8221;typicons&#8221; icon_typicons=&#8221;typcn typcn-location&#8221; color=&#8221;black&#8221; size=&#8221;lg&#8221; css_animation=&#8221;left-to-right&#8221;][vc_column_text css_animation=&#8221;right-to-left&#8221;]<\/p>\n<p style=\"text-align: left;\"><strong>Zulaibar Arratiako Lanbide Ikastegia<\/strong><br \/>\nZulaibar Auzoa 17<br \/>\n48144 Zeanuri (BIZKAIA)<\/p>\n<p>[\/vc_column_text][\/vc_column_inner][vc_column_inner width=&#8221;1\/3&#8243;][vc_icon type=&#8221;typicons&#8221; icon_typicons=&#8221;typcn typcn-mail&#8221; color=&#8221;black&#8221; size=&#8221;lg&#8221; css_animation=&#8221;left-to-right&#8221;][vc_column_text css_animation=&#8221;right-to-left&#8221;]<\/p>\n<p style=\"text-align: left;\"><a href=\"mailto:info@zulaibar.org\">info@zulaibar.net<\/a><\/p>\n<p>[\/vc_column_text][\/vc_column_inner][\/vc_row_inner][vc_column_text]<a href=\"https:\/\/api.whatsapp.com\/send?phone=34688763360\" target=\"_blank\"><img decoding=\"async\" loading=\"lazy\" src=\"https:\/\/www.zulaibar.net\/wp-content\/uploads\/2020\/02\/icons8-whatsapp-50.png\" alt=\"Whatsapp\" width=\"50\" height=\"50\" \/>\u00a0 \u00a0Whatsapp \u2013 Servicio de orientaci\u00f3n de formaci\u00f3n profesional<\/a>[\/vc_column_text][\/vc_column][\/vc_row][vc_row full_width=&#8221;stretch_row_content_no_spaces&#8221; css=&#8221;.vc_custom_1463141902469{margin-top: -21px !important;}&#8221;][vc_column][vc_empty_space][vc_gmaps link=&#8221;#E-8_JTNDaWZyYW1lJTIwc3JjJTNEJTIyaHR0cHMlM0ElMkYlMkZ3d3cuZ29vZ2xlLmNvbSUyRm1hcHMlMkZlbWJlZCUzRnBiJTNEJTIxMW0xOCUyMTFtMTIlMjExbTMlMjExZDI5MTIuODQ1ODk3NDg4NzEwOCUyMTJkLTIuNzU2NTYzMjE4MDAwNTQyNCUyMTNkNDMuMTA3NzUzMzI1ODQwNTA1JTIxMm0zJTIxMWYwJTIxMmYwJTIxM2YwJTIxM20yJTIxMWkxMDI0JTIxMmk3NjglMjE0ZjEzLjElMjEzbTMlMjExbTIlMjExczB4MGQ0ZmNhZjQ5NzEzYTc4ZiUyNTNBMHgxNDc4MmQ3YmI4OTM3NWQxJTIxMnNadWxhaWJhciUyMTVlMCUyMTNtMiUyMTFzZXMlMjEyc2VzJTIxNHYxNDYxODc5MzM5Nzg0JTIyJTIwd2lkdGglM0QlMjI2MDAlMjIlMjBoZWlnaHQlM0QlMjI0NTAlMjIlMjBmcmFtZWJvcmRlciUzRCUyMjAlMjIlMjBzdHlsZSUzRCUyMmJvcmRlciUzQTAlMjIlMjBhbGxvd2Z1bGxzY3JlZW4lM0UlM0MlMkZpZnJhbWUlM0U=&#8221;][\/vc_column][\/vc_row]<\/p>\n","protected":false},"excerpt":{"rendered":"<p>[vc_row][vc_column][vc_empty_space height=&#8221;64px&#8221;][\/vc_column][\/vc_row][vc_row][vc_column width=&#8221;2\/3&#8243;][vc_tta_tabs][vc_tta_section i_type=&#8221;linecons&#8221; i_icon_linecons=&#8221;vc_li vc_li-mail&#8221; title=&#8221;Contacta con nosotros&#8221; tab_id=&#8221;contacta-con-nosotros&#8221; add_icon=&#8221;true&#8221;][\/vc_tta_section][vc_tta_section i_type=&#8221;linecons&#8221; i_icon_linecons=&#8221;vc_li vc_li-study&#8221; title=&#8221;Me [&hellip;]<\/p>\n","protected":false},"author":2,"featured_media":0,"parent":0,"menu_order":0,"comment_status":"closed","ping_status":"closed","template":"","meta":[],"yoast_head":"<!-- This site is optimized with the Yoast SEO plugin v20.5 - https:\/\/yoast.com\/wordpress\/plugins\/seo\/ -->\n<title>Contacto - Zulaibar Arratiako Lanbide Ikastegia<\/title>\n<meta name=\"robots\" content=\"index, follow, max-snippet:-1, max-image-preview:large, max-video-preview:-1\" \/>\n<link rel=\"canonical\" href=\"https:\/\/www.zulaibar.net\/es\/contacto\/\" \/>\n<meta property=\"og:locale\" content=\"es_ES\" \/>\n<meta property=\"og:type\" content=\"article\" \/>\n<meta property=\"og:title\" content=\"Contacto - Zulaibar Arratiako Lanbide Ikastegia\" \/>\n<meta property=\"og:description\" content=\"[vc_row][vc_column][vc_empty_space height=&#8221;64px&#8221;][\/vc_column][\/vc_row][vc_row][vc_column width=&#8221;2\/3&#8243;][vc_tta_tabs][vc_tta_section i_type=&#8221;linecons&#8221; i_icon_linecons=&#8221;vc_li vc_li-mail&#8221; title=&#8221;Contacta con nosotros&#8221; tab_id=&#8221;contacta-con-nosotros&#8221; add_icon=&#8221;true&#8221;][\/vc_tta_section][vc_tta_section i_type=&#8221;linecons&#8221; i_icon_linecons=&#8221;vc_li vc_li-study&#8221; title=&#8221;Me [&hellip;]\" \/>\n<meta property=\"og:url\" content=\"https:\/\/www.zulaibar.net\/es\/contacto\/\" \/>\n<meta property=\"og:site_name\" content=\"Zulaibar Arratiako Lanbide Ikastegia\" \/>\n<meta property=\"article:publisher\" content=\"https:\/\/www.facebook.com\/zulaibar.arratiakolanbideikastegia\" \/>\n<meta property=\"article:modified_time\" content=\"2023-02-10T11:58:07+00:00\" \/>\n<meta property=\"og:image\" content=\"https:\/\/www.zulaibar.net\/wp-content\/uploads\/2020\/02\/icons8-whatsapp-50.png\" \/>\n<meta name=\"twitter:label1\" content=\"Tiempo de lectura\" \/>\n\t<meta name=\"twitter:data1\" content=\"2 minutos\" \/>\n<script type=\"application\/ld+json\" class=\"yoast-schema-graph\">{\"@context\":\"https:\/\/schema.org\",\"@graph\":[{\"@type\":\"WebPage\",\"@id\":\"https:\/\/www.zulaibar.net\/es\/contacto\/\",\"url\":\"https:\/\/www.zulaibar.net\/es\/contacto\/\",\"name\":\"Contacto - Zulaibar Arratiako Lanbide Ikastegia\",\"isPartOf\":{\"@id\":\"https:\/\/www.zulaibar.net\/#website\"},\"datePublished\":\"2016-01-13T05:51:12+00:00\",\"dateModified\":\"2023-02-10T11:58:07+00:00\",\"breadcrumb\":{\"@id\":\"https:\/\/www.zulaibar.net\/es\/contacto\/#breadcrumb\"},\"inLanguage\":\"es\",\"potentialAction\":[{\"@type\":\"ReadAction\",\"target\":[\"https:\/\/www.zulaibar.net\/es\/contacto\/\"]}]},{\"@type\":\"BreadcrumbList\",\"@id\":\"https:\/\/www.zulaibar.net\/es\/contacto\/#breadcrumb\",\"itemListElement\":[{\"@type\":\"ListItem\",\"position\":1,\"name\":\"Portada\",\"item\":\"https:\/\/www.zulaibar.net\/es\/\"},{\"@type\":\"ListItem\",\"position\":2,\"name\":\"Contacto\"}]},{\"@type\":\"WebSite\",\"@id\":\"https:\/\/www.zulaibar.net\/#website\",\"url\":\"https:\/\/www.zulaibar.net\/\",\"name\":\"Zulaibar Arratiako Lanbide Ikastegia\",\"description\":\"Zulaibar Arratiako Lanbide Ikastegiaren web gunea\",\"potentialAction\":[{\"@type\":\"SearchAction\",\"target\":{\"@type\":\"EntryPoint\",\"urlTemplate\":\"https:\/\/www.zulaibar.net\/?s={search_term_string}\"},\"query-input\":\"required name=search_term_string\"}],\"inLanguage\":\"es\"}]}<\/script>\n<!-- \/ Yoast SEO plugin. -->","yoast_head_json":{"title":"Contacto - Zulaibar Arratiako Lanbide Ikastegia","robots":{"index":"index","follow":"follow","max-snippet":"max-snippet:-1","max-image-preview":"max-image-preview:large","max-video-preview":"max-video-preview:-1"},"canonical":"https:\/\/www.zulaibar.net\/es\/contacto\/","og_locale":"es_ES","og_type":"article","og_title":"Contacto - Zulaibar Arratiako Lanbide Ikastegia","og_description":"[vc_row][vc_column][vc_empty_space height=&#8221;64px&#8221;][\/vc_column][\/vc_row][vc_row][vc_column width=&#8221;2\/3&#8243;][vc_tta_tabs][vc_tta_section i_type=&#8221;linecons&#8221; i_icon_linecons=&#8221;vc_li vc_li-mail&#8221; title=&#8221;Contacta con nosotros&#8221; tab_id=&#8221;contacta-con-nosotros&#8221; add_icon=&#8221;true&#8221;][\/vc_tta_section][vc_tta_section i_type=&#8221;linecons&#8221; i_icon_linecons=&#8221;vc_li vc_li-study&#8221; title=&#8221;Me [&hellip;]","og_url":"https:\/\/www.zulaibar.net\/es\/contacto\/","og_site_name":"Zulaibar Arratiako Lanbide Ikastegia","article_publisher":"https:\/\/www.facebook.com\/zulaibar.arratiakolanbideikastegia","article_modified_time":"2023-02-10T11:58:07+00:00","og_image":[{"url":"https:\/\/www.zulaibar.net\/wp-content\/uploads\/2020\/02\/icons8-whatsapp-50.png"}],"twitter_misc":{"Tiempo de lectura":"2 minutos"},"schema":{"@context":"https:\/\/schema.org","@graph":[{"@type":"WebPage","@id":"https:\/\/www.zulaibar.net\/es\/contacto\/","url":"https:\/\/www.zulaibar.net\/es\/contacto\/","name":"Contacto - Zulaibar Arratiako Lanbide Ikastegia","isPartOf":{"@id":"https:\/\/www.zulaibar.net\/#website"},"datePublished":"2016-01-13T05:51:12+00:00","dateModified":"2023-02-10T11:58:07+00:00","breadcrumb":{"@id":"https:\/\/www.zulaibar.net\/es\/contacto\/#breadcrumb"},"inLanguage":"es","potentialAction":[{"@type":"ReadAction","target":["https:\/\/www.zulaibar.net\/es\/contacto\/"]}]},{"@type":"BreadcrumbList","@id":"https:\/\/www.zulaibar.net\/es\/contacto\/#breadcrumb","itemListElement":[{"@type":"ListItem","position":1,"name":"Portada","item":"https:\/\/www.zulaibar.net\/es\/"},{"@type":"ListItem","position":2,"name":"Contacto"}]},{"@type":"WebSite","@id":"https:\/\/www.zulaibar.net\/#website","url":"https:\/\/www.zulaibar.net\/","name":"Zulaibar Arratiako Lanbide Ikastegia","description":"Zulaibar Arratiako Lanbide Ikastegiaren web gunea","potentialAction":[{"@type":"SearchAction","target":{"@type":"EntryPoint","urlTemplate":"https:\/\/www.zulaibar.net\/?s={search_term_string}"},"query-input":"required name=search_term_string"}],"inLanguage":"es"}]}},"_links":{"self":[{"href":"https:\/\/www.zulaibar.net\/es\/wp-json\/wp\/v2\/pages\/1736"}],"collection":[{"href":"https:\/\/www.zulaibar.net\/es\/wp-json\/wp\/v2\/pages"}],"about":[{"href":"https:\/\/www.zulaibar.net\/es\/wp-json\/wp\/v2\/types\/page"}],"author":[{"embeddable":true,"href":"https:\/\/www.zulaibar.net\/es\/wp-json\/wp\/v2\/users\/2"}],"replies":[{"embeddable":true,"href":"https:\/\/www.zulaibar.net\/es\/wp-json\/wp\/v2\/comments?post=1736"}],"version-history":[{"count":62,"href":"https:\/\/www.zulaibar.net\/es\/wp-json\/wp\/v2\/pages\/1736\/revisions"}],"predecessor-version":[{"id":5878,"href":"https:\/\/www.zulaibar.net\/es\/wp-json\/wp\/v2\/pages\/1736\/revisions\/5878"}],"wp:attachment":[{"href":"https:\/\/www.zulaibar.net\/es\/wp-json\/wp\/v2\/media?parent=1736"}],"curies":[{"name":"wp","href":"https:\/\/api.w.org\/{rel}","templated":true}]}}