{"id":3347,"date":"2016-05-18T13:21:51","date_gmt":"2016-05-18T12:21:51","guid":{"rendered":"http:\/\/devcas.zulaibar.org\/es\/?page_id=3347"},"modified":"2018-11-17T20:13:31","modified_gmt":"2018-11-17T19:13:31","slug":"global-training","status":"publish","type":"page","link":"https:\/\/www.zulaibar.net\/es\/global-training\/","title":{"rendered":"Global Training"},"content":{"rendered":"<p>[vc_row][vc_column][vc_empty_space][\/vc_column][\/vc_row][vc_row][vc_column width=&#8221;2\/3&#8243; offset=&#8221;vc_col-lg-8 vc_col-md-7 vc_col-xs-12&#8243;][vc_column_text]El programa de becas <strong>GLOBAL TRAINING<\/strong> posibilita la realizaci\u00f3n de <strong>pr\u00e1cticas remuneradas en empresas e instituciones en el extranjero<\/strong>, participando en proyectos y actividades directamente relacionadas con el perfil acad\u00e9mico y profesional del participante.<\/p>\n<p><strong>Zulaibar Lanbide Ikastegia<\/strong> en colaboraci\u00f3n con <strong>Hetel <\/strong>(organismo solicitante de la beca) ofrece la posibilidad a sus alumnos titulados en un ciclo de grado superior de optar a una <strong>primera oportunidad laboral<\/strong> con un plan de formaci\u00f3n previamente planificado.[\/vc_column_text][vc_row_inner][vc_column_inner][vc_message message_box_color=&#8221;alert-info&#8221; icon_fontawesome=&#8221;fa fa-hourglass-end&#8221;]<\/p>\n<h4>Duraci\u00f3n:<\/h4>\n<ul>\n<li>M\u00ednimo\u00a0<strong>6 meses\u00a0<\/strong>de pr\u00e1cticas en la empresa. Compromiso de extensi\u00f3n 2-3 meses.<\/li>\n<li>50 horas formaci\u00f3n previa obligatoria. Tem\u00e1tica: T\u00e9cnicas de comunicaci\u00f3n; Trabajo en equipo; Inteligencia emocional; Innovaci\u00f3n, otros.<\/li>\n<\/ul>\n<p>[\/vc_message][\/vc_column_inner][\/vc_row_inner][vc_row_inner][vc_column_inner width=&#8221;1\/2&#8243;][vc_custom_heading text=&#8221;Requisitos del programa:&#8221; font_container=&#8221;tag:h3|text_align:left&#8221; google_fonts=&#8221;font_family:Montserrat%3Aregular%2C700|font_style:400%20regular%3A400%3Anormal&#8221; css=&#8221;.vc_custom_1542481951566{padding-bottom: 15px !important;}&#8221;]\n        <ul class=\"fa-ul academia-quickinfo\">\n                        <li><i class=\"fa-li fa fa-graduation-cap\"><\/i>No tener 30 a\u00f1os cumplidos a 1 de enero de 2018 (nacidos a partir de 1 de Enero de 1988)<\/li>\n                                        <li><i class=\"fa-li fa fa-birthday-cake\"><\/i>Licenciatura, Diplomatura, Grado, Formaci\u00f3n Profesional de Grado Superior o Estudios Superiores.<\/li>\n                                        <li><i class=\"fa-li fa fa-globe\"><\/i>Tener vecindad administrativa en un municipio del Pa\u00eds Vasco con al menos un a\u00f1o de vecindad ininterrumpida a 1 de enero de 2018.<\/li>\n                                        <li><i class=\"fa-li fa fa-home\"><\/i>No haber sido beneficiaria de otra beca que haya posibilitado estancias de pr\u00e1cticas en el extranjero superiores a 6 meses.<\/li>\n                                        <li><i class=\"fa-li fa fa-bullhorn\"><\/i>No estar sancionada administrativa o penalmente con la p\u00e9rdida de la posibilidad de obtenci\u00f3n de subvenci\u00f3n o ayudas p\u00fablicas, ni estar incursa en prohibici\u00f3n legal alguna que la inhabilite para ello.<\/li>\n                                        <li><i class=\"fa-li fa fa-long-arrow-right\"><\/i>Contar con un nivel de ingl\u00e9s B2 (para Formaci\u00f3n Profesional de Grado Superior) y nivel avanzado C1 o CAE Certificate in Advanced English (para titulados Universitarios). Se valorar\u00e1n tambi\u00e9n conocimientos del idioma del pa\u00eds de destino. El nivel de idioma se podr\u00e1 acreditar a lo largo del proceso de selecci\u00f3n, mediante prueba oral y escrita que se realizar\u00e1 para aquellos que no cuenten con certificado actualizado que acredite su nivel.<\/li>\n                                        <li><i class=\"fa-li fa fa-university\"><\/i>Adecuarse al perfil requerido en la oferta de la beca a la que se inscriba.<\/li>\n                                                \n        <\/ul>\n\n\n        [\/vc_column_inner][vc_column_inner width=&#8221;1\/2&#8243;][vc_message message_box_color=&#8221;warning&#8221; icon_fontawesome=&#8221;fa fa-user-plus&#8221;]<\/p>\n<h4>Plazas<\/h4>\n<ul>\n<li>60 becas<\/li>\n<\/ul>\n<p>[\/vc_message][\/vc_column_inner][\/vc_row_inner][\/vc_column][vc_column width=&#8221;1\/3&#8243;][vc_cta h2=&#8221;Cobertura beca&#8221;]<\/p>\n<ul>\n<li>Seguro de accidentes y de responsabilidad civil durante la duraci\u00f3n de las pr\u00e1cticas.<\/li>\n<li>Dotaci\u00f3n mensual alrededor de los 1300 euros.<\/li>\n<\/ul>\n<p>[\/vc_cta][vc_cta h2=&#8221;Pa\u00edses&#8221;]<\/p>\n<ul>\n<li>Alemania, B\u00e9lgica, Brasil, Chile, Estados Unidos, Francia, Grecia, Pa\u00edses Bajos, Hungr\u00eda, M\u00e9jico, Panam\u00e1, Reino unido, entre otros.<\/li>\n<\/ul>\n<p>[\/vc_cta][vc_single_image image=&#8221;3348&#8243; img_size=&#8221;medium&#8221; alignment=&#8221;center&#8221; css_animation=&#8221;left-to-right&#8221;][vc_single_image image=&#8221;3453&#8243; img_size=&#8221;full&#8221; alignment=&#8221;center&#8221; onclick=&#8221;custom_link&#8221; img_link_target=&#8221;_blank&#8221; css_animation=&#8221;left-to-right&#8221; link=&#8221;http:\/\/www.hetel.org\/index.php\/eu\/&#8221;][\/vc_column][\/vc_row][vc_row][vc_column][\/vc_column][\/vc_row]<\/p>\n","protected":false},"excerpt":{"rendered":"<p>[vc_row][vc_column][vc_empty_space][\/vc_column][\/vc_row][vc_row][vc_column width=&#8221;2\/3&#8243; offset=&#8221;vc_col-lg-8 vc_col-md-7 vc_col-xs-12&#8243;][vc_column_text]El programa de becas GLOBAL TRAINING posibilita la realizaci\u00f3n de pr\u00e1cticas [&hellip;]<\/p>\n","protected":false},"author":1,"featured_media":0,"parent":0,"menu_order":0,"comment_status":"closed","ping_status":"closed","template":"","meta":[],"yoast_head":"<!-- This site is optimized with the Yoast SEO plugin v20.5 - https:\/\/yoast.com\/wordpress\/plugins\/seo\/ -->\n<title>Global Training - Zulaibar Arratiako Lanbide Ikastegia<\/title>\n<meta name=\"robots\" content=\"index, follow, max-snippet:-1, max-image-preview:large, max-video-preview:-1\" \/>\n<link rel=\"canonical\" href=\"https:\/\/www.zulaibar.net\/es\/global-training\/\" \/>\n<meta property=\"og:locale\" content=\"es_ES\" \/>\n<meta property=\"og:type\" content=\"article\" \/>\n<meta property=\"og:title\" content=\"Global Training - Zulaibar Arratiako Lanbide Ikastegia\" \/>\n<meta property=\"og:description\" content=\"[vc_row][vc_column][vc_empty_space][\/vc_column][\/vc_row][vc_row][vc_column width=&#8221;2\/3&#8243; offset=&#8221;vc_col-lg-8 vc_col-md-7 vc_col-xs-12&#8243;][vc_column_text]El programa de becas GLOBAL TRAINING posibilita la realizaci\u00f3n de pr\u00e1cticas [&hellip;]\" \/>\n<meta property=\"og:url\" content=\"https:\/\/www.zulaibar.net\/es\/global-training\/\" \/>\n<meta property=\"og:site_name\" content=\"Zulaibar Arratiako Lanbide Ikastegia\" \/>\n<meta property=\"article:publisher\" content=\"https:\/\/www.facebook.com\/zulaibar.arratiakolanbideikastegia\" \/>\n<meta property=\"article:modified_time\" content=\"2018-11-17T19:13:31+00:00\" \/>\n<meta name=\"twitter:label1\" content=\"Tiempo de lectura\" \/>\n\t<meta name=\"twitter:data1\" content=\"3 minutos\" \/>\n<script type=\"application\/ld+json\" class=\"yoast-schema-graph\">{\"@context\":\"https:\/\/schema.org\",\"@graph\":[{\"@type\":\"WebPage\",\"@id\":\"https:\/\/www.zulaibar.net\/es\/global-training\/\",\"url\":\"https:\/\/www.zulaibar.net\/es\/global-training\/\",\"name\":\"Global Training - Zulaibar Arratiako Lanbide Ikastegia\",\"isPartOf\":{\"@id\":\"https:\/\/www.zulaibar.net\/#website\"},\"datePublished\":\"2016-05-18T12:21:51+00:00\",\"dateModified\":\"2018-11-17T19:13:31+00:00\",\"breadcrumb\":{\"@id\":\"https:\/\/www.zulaibar.net\/es\/global-training\/#breadcrumb\"},\"inLanguage\":\"es\",\"potentialAction\":[{\"@type\":\"ReadAction\",\"target\":[\"https:\/\/www.zulaibar.net\/es\/global-training\/\"]}]},{\"@type\":\"BreadcrumbList\",\"@id\":\"https:\/\/www.zulaibar.net\/es\/global-training\/#breadcrumb\",\"itemListElement\":[{\"@type\":\"ListItem\",\"position\":1,\"name\":\"Portada\",\"item\":\"https:\/\/www.zulaibar.net\/es\/\"},{\"@type\":\"ListItem\",\"position\":2,\"name\":\"Global Training\"}]},{\"@type\":\"WebSite\",\"@id\":\"https:\/\/www.zulaibar.net\/#website\",\"url\":\"https:\/\/www.zulaibar.net\/\",\"name\":\"Zulaibar Arratiako Lanbide Ikastegia\",\"description\":\"Zulaibar Arratiako Lanbide Ikastegiaren web gunea\",\"potentialAction\":[{\"@type\":\"SearchAction\",\"target\":{\"@type\":\"EntryPoint\",\"urlTemplate\":\"https:\/\/www.zulaibar.net\/?s={search_term_string}\"},\"query-input\":\"required name=search_term_string\"}],\"inLanguage\":\"es\"}]}<\/script>\n<!-- \/ Yoast SEO plugin. -->","yoast_head_json":{"title":"Global Training - Zulaibar Arratiako Lanbide Ikastegia","robots":{"index":"index","follow":"follow","max-snippet":"max-snippet:-1","max-image-preview":"max-image-preview:large","max-video-preview":"max-video-preview:-1"},"canonical":"https:\/\/www.zulaibar.net\/es\/global-training\/","og_locale":"es_ES","og_type":"article","og_title":"Global Training - Zulaibar Arratiako Lanbide Ikastegia","og_description":"[vc_row][vc_column][vc_empty_space][\/vc_column][\/vc_row][vc_row][vc_column width=&#8221;2\/3&#8243; offset=&#8221;vc_col-lg-8 vc_col-md-7 vc_col-xs-12&#8243;][vc_column_text]El programa de becas GLOBAL TRAINING posibilita la realizaci\u00f3n de pr\u00e1cticas [&hellip;]","og_url":"https:\/\/www.zulaibar.net\/es\/global-training\/","og_site_name":"Zulaibar Arratiako Lanbide Ikastegia","article_publisher":"https:\/\/www.facebook.com\/zulaibar.arratiakolanbideikastegia","article_modified_time":"2018-11-17T19:13:31+00:00","twitter_misc":{"Tiempo de lectura":"3 minutos"},"schema":{"@context":"https:\/\/schema.org","@graph":[{"@type":"WebPage","@id":"https:\/\/www.zulaibar.net\/es\/global-training\/","url":"https:\/\/www.zulaibar.net\/es\/global-training\/","name":"Global Training - Zulaibar Arratiako Lanbide Ikastegia","isPartOf":{"@id":"https:\/\/www.zulaibar.net\/#website"},"datePublished":"2016-05-18T12:21:51+00:00","dateModified":"2018-11-17T19:13:31+00:00","breadcrumb":{"@id":"https:\/\/www.zulaibar.net\/es\/global-training\/#breadcrumb"},"inLanguage":"es","potentialAction":[{"@type":"ReadAction","target":["https:\/\/www.zulaibar.net\/es\/global-training\/"]}]},{"@type":"BreadcrumbList","@id":"https:\/\/www.zulaibar.net\/es\/global-training\/#breadcrumb","itemListElement":[{"@type":"ListItem","position":1,"name":"Portada","item":"https:\/\/www.zulaibar.net\/es\/"},{"@type":"ListItem","position":2,"name":"Global Training"}]},{"@type":"WebSite","@id":"https:\/\/www.zulaibar.net\/#website","url":"https:\/\/www.zulaibar.net\/","name":"Zulaibar Arratiako Lanbide Ikastegia","description":"Zulaibar Arratiako Lanbide Ikastegiaren web gunea","potentialAction":[{"@type":"SearchAction","target":{"@type":"EntryPoint","urlTemplate":"https:\/\/www.zulaibar.net\/?s={search_term_string}"},"query-input":"required name=search_term_string"}],"inLanguage":"es"}]}},"_links":{"self":[{"href":"https:\/\/www.zulaibar.net\/es\/wp-json\/wp\/v2\/pages\/3347"}],"collection":[{"href":"https:\/\/www.zulaibar.net\/es\/wp-json\/wp\/v2\/pages"}],"about":[{"href":"https:\/\/www.zulaibar.net\/es\/wp-json\/wp\/v2\/types\/page"}],"author":[{"embeddable":true,"href":"https:\/\/www.zulaibar.net\/es\/wp-json\/wp\/v2\/users\/1"}],"replies":[{"embeddable":true,"href":"https:\/\/www.zulaibar.net\/es\/wp-json\/wp\/v2\/comments?post=3347"}],"version-history":[{"count":17,"href":"https:\/\/www.zulaibar.net\/es\/wp-json\/wp\/v2\/pages\/3347\/revisions"}],"predecessor-version":[{"id":4431,"href":"https:\/\/www.zulaibar.net\/es\/wp-json\/wp\/v2\/pages\/3347\/revisions\/4431"}],"wp:attachment":[{"href":"https:\/\/www.zulaibar.net\/es\/wp-json\/wp\/v2\/media?parent=3347"}],"curies":[{"name":"wp","href":"https:\/\/api.w.org\/{rel}","templated":true}]}}