{"id":3393,"date":"2016-06-13T07:50:48","date_gmt":"2016-06-13T06:50:48","guid":{"rendered":"https:\/\/www.zulaibar.net\/es\/?page_id=3393"},"modified":"2020-05-04T12:41:51","modified_gmt":"2020-05-04T11:41:51","slug":"urratsbat","status":"publish","type":"page","link":"https:\/\/www.zulaibar.net\/es\/urratsbat\/","title":{"rendered":"Urratsbat"},"content":{"rendered":"<p>[vc_row][vc_column width=&#8221;1\/3&#8243;][vc_empty_space height=&#8221;48px&#8221;][vc_cta h2=&#8221;Programa Urratsbat&#8221; h4=&#8221;Programa para ayudar a los alumnos a crear su propia empresa&#8221;]URRATSBAT es un programa impulsado por la Viceconsejer\u00eda de Formaci\u00f3n Profesional desde el Departamento de Educaci\u00f3n, Pol\u00edtica Ling\u00fc\u00edstica y Cultura del Gobierno Vasco y coordinado por TKNIKA para ayudar a los alumnos de Formaci\u00f3n Profesional a crear su propia empresa.[\/vc_cta][\/vc_column][vc_column width=&#8221;1\/3&#8243;][vc_empty_space height=&#8221;48px&#8221;][vc_custom_heading text=&#8221;\u00bfA qui\u00e9n va dirigido?&#8221; font_container=&#8221;tag:h3|text_align:left&#8221; google_fonts=&#8221;font_family:Montserrat%3Aregular%2C700|font_style:400%20regular%3A400%3Anormal&#8221; css=&#8221;.vc_custom_1465801283910{padding-bottom: 15px !important;}&#8221;]\n        <ul class=\"fa-ul academia-quickinfo\">\n                        <li><i class=\"fa-li fa fa-graduation-cap\"><\/i>A los alumnos de segundo curso de ciclos de formaci\u00f3n profesional de grado medio y superior<\/li>\n                                        <li><i class=\"fa-li fa fa-child\"><\/i>A los exalumnos del Centro<\/li>\n                                        <li><i class=\"fa-li fa fa-bullhorn\"><\/i>A cualquier persona que tenga relaci\u00f3n con el Centro a trav\u00e9s de cursos de Formaci\u00f3n continua y ocupacional o Formaci\u00f3n no presencial.<\/li>\n                                                                                                \n        <\/ul>\n\n\n        [\/vc_column][vc_column width=&#8221;1\/3&#8243;][vc_empty_space height=&#8221;48px&#8221;][vc_single_image image=&#8221;3398&#8243; img_size=&#8221;medium&#8221; alignment=&#8221;center&#8221; css_animation=&#8221;left-to-right&#8221;][\/vc_column][\/vc_row][vc_row][vc_column][vc_column_text]<\/p>\n<h3>\u00bfQu\u00e9 servicios ofrece el Centro?<\/h3>\n<ul>\n<li>Mientras dure el proceso de creaci\u00f3n de la empresa, una <strong>persona responsable del programa para acompa\u00f1ar<\/strong> en todo momento a la persona emprendedora.<\/li>\n<li>Un servicio de <strong>asesor\u00eda integral <\/strong>para el emprendedor mientras la idea de negocio se convierte en empresa. Adem\u00e1s, el emprendedor recibir\u00e1 <strong>formaci\u00f3n espec\u00edfica<\/strong> sobre la creaci\u00f3n de empresas.<\/li>\n<li>Una <strong>Oficina del Emprendedor<\/strong> debidamente equipada para realizar las gestiones necesarias en el proceso de creaci\u00f3n de una empresa.<\/li>\n<li>La <strong>posibilidad de utilizar el resto de instalaciones<\/strong> para el desarrollo del proyecto en la fase de lanzamiento.<\/li>\n<\/ul>\n<p>[\/vc_column_text][\/vc_column][\/vc_row]<\/p>\n","protected":false},"excerpt":{"rendered":"<p>[vc_row][vc_column width=&#8221;1\/3&#8243;][vc_empty_space height=&#8221;48px&#8221;][vc_cta h2=&#8221;Programa Urratsbat&#8221; h4=&#8221;Programa para ayudar a los alumnos a crear su propia [&hellip;]<\/p>\n","protected":false},"author":1,"featured_media":0,"parent":0,"menu_order":0,"comment_status":"closed","ping_status":"closed","template":"","meta":[],"yoast_head":"<!-- This site is optimized with the Yoast SEO plugin v20.5 - https:\/\/yoast.com\/wordpress\/plugins\/seo\/ -->\n<title>Urratsbat - Zulaibar Arratiako Lanbide Ikastegia<\/title>\n<meta name=\"robots\" content=\"index, follow, max-snippet:-1, max-image-preview:large, max-video-preview:-1\" \/>\n<link rel=\"canonical\" href=\"https:\/\/www.zulaibar.net\/es\/urratsbat\/\" \/>\n<meta property=\"og:locale\" content=\"es_ES\" \/>\n<meta property=\"og:type\" content=\"article\" \/>\n<meta property=\"og:title\" content=\"Urratsbat - Zulaibar Arratiako Lanbide Ikastegia\" \/>\n<meta property=\"og:description\" content=\"[vc_row][vc_column width=&#8221;1\/3&#8243;][vc_empty_space height=&#8221;48px&#8221;][vc_cta h2=&#8221;Programa Urratsbat&#8221; h4=&#8221;Programa para ayudar a los alumnos a crear su propia [&hellip;]\" \/>\n<meta property=\"og:url\" content=\"https:\/\/www.zulaibar.net\/es\/urratsbat\/\" \/>\n<meta property=\"og:site_name\" content=\"Zulaibar Arratiako Lanbide Ikastegia\" \/>\n<meta property=\"article:publisher\" content=\"https:\/\/www.facebook.com\/zulaibar.arratiakolanbideikastegia\" \/>\n<meta property=\"article:modified_time\" content=\"2020-05-04T11:41:51+00:00\" \/>\n<meta name=\"twitter:label1\" content=\"Tiempo de lectura\" \/>\n\t<meta name=\"twitter:data1\" content=\"2 minutos\" \/>\n<script type=\"application\/ld+json\" class=\"yoast-schema-graph\">{\"@context\":\"https:\/\/schema.org\",\"@graph\":[{\"@type\":\"WebPage\",\"@id\":\"https:\/\/www.zulaibar.net\/es\/urratsbat\/\",\"url\":\"https:\/\/www.zulaibar.net\/es\/urratsbat\/\",\"name\":\"Urratsbat - Zulaibar Arratiako Lanbide Ikastegia\",\"isPartOf\":{\"@id\":\"https:\/\/www.zulaibar.net\/#website\"},\"datePublished\":\"2016-06-13T06:50:48+00:00\",\"dateModified\":\"2020-05-04T11:41:51+00:00\",\"breadcrumb\":{\"@id\":\"https:\/\/www.zulaibar.net\/es\/urratsbat\/#breadcrumb\"},\"inLanguage\":\"es\",\"potentialAction\":[{\"@type\":\"ReadAction\",\"target\":[\"https:\/\/www.zulaibar.net\/es\/urratsbat\/\"]}]},{\"@type\":\"BreadcrumbList\",\"@id\":\"https:\/\/www.zulaibar.net\/es\/urratsbat\/#breadcrumb\",\"itemListElement\":[{\"@type\":\"ListItem\",\"position\":1,\"name\":\"Portada\",\"item\":\"https:\/\/www.zulaibar.net\/es\/\"},{\"@type\":\"ListItem\",\"position\":2,\"name\":\"Urratsbat\"}]},{\"@type\":\"WebSite\",\"@id\":\"https:\/\/www.zulaibar.net\/#website\",\"url\":\"https:\/\/www.zulaibar.net\/\",\"name\":\"Zulaibar Arratiako Lanbide Ikastegia\",\"description\":\"Zulaibar Arratiako Lanbide Ikastegiaren web gunea\",\"potentialAction\":[{\"@type\":\"SearchAction\",\"target\":{\"@type\":\"EntryPoint\",\"urlTemplate\":\"https:\/\/www.zulaibar.net\/?s={search_term_string}\"},\"query-input\":\"required name=search_term_string\"}],\"inLanguage\":\"es\"}]}<\/script>\n<!-- \/ Yoast SEO plugin. -->","yoast_head_json":{"title":"Urratsbat - Zulaibar Arratiako Lanbide Ikastegia","robots":{"index":"index","follow":"follow","max-snippet":"max-snippet:-1","max-image-preview":"max-image-preview:large","max-video-preview":"max-video-preview:-1"},"canonical":"https:\/\/www.zulaibar.net\/es\/urratsbat\/","og_locale":"es_ES","og_type":"article","og_title":"Urratsbat - Zulaibar Arratiako Lanbide Ikastegia","og_description":"[vc_row][vc_column width=&#8221;1\/3&#8243;][vc_empty_space height=&#8221;48px&#8221;][vc_cta h2=&#8221;Programa Urratsbat&#8221; h4=&#8221;Programa para ayudar a los alumnos a crear su propia [&hellip;]","og_url":"https:\/\/www.zulaibar.net\/es\/urratsbat\/","og_site_name":"Zulaibar Arratiako Lanbide Ikastegia","article_publisher":"https:\/\/www.facebook.com\/zulaibar.arratiakolanbideikastegia","article_modified_time":"2020-05-04T11:41:51+00:00","twitter_misc":{"Tiempo de lectura":"2 minutos"},"schema":{"@context":"https:\/\/schema.org","@graph":[{"@type":"WebPage","@id":"https:\/\/www.zulaibar.net\/es\/urratsbat\/","url":"https:\/\/www.zulaibar.net\/es\/urratsbat\/","name":"Urratsbat - Zulaibar Arratiako Lanbide Ikastegia","isPartOf":{"@id":"https:\/\/www.zulaibar.net\/#website"},"datePublished":"2016-06-13T06:50:48+00:00","dateModified":"2020-05-04T11:41:51+00:00","breadcrumb":{"@id":"https:\/\/www.zulaibar.net\/es\/urratsbat\/#breadcrumb"},"inLanguage":"es","potentialAction":[{"@type":"ReadAction","target":["https:\/\/www.zulaibar.net\/es\/urratsbat\/"]}]},{"@type":"BreadcrumbList","@id":"https:\/\/www.zulaibar.net\/es\/urratsbat\/#breadcrumb","itemListElement":[{"@type":"ListItem","position":1,"name":"Portada","item":"https:\/\/www.zulaibar.net\/es\/"},{"@type":"ListItem","position":2,"name":"Urratsbat"}]},{"@type":"WebSite","@id":"https:\/\/www.zulaibar.net\/#website","url":"https:\/\/www.zulaibar.net\/","name":"Zulaibar Arratiako Lanbide Ikastegia","description":"Zulaibar Arratiako Lanbide Ikastegiaren web gunea","potentialAction":[{"@type":"SearchAction","target":{"@type":"EntryPoint","urlTemplate":"https:\/\/www.zulaibar.net\/?s={search_term_string}"},"query-input":"required name=search_term_string"}],"inLanguage":"es"}]}},"_links":{"self":[{"href":"https:\/\/www.zulaibar.net\/es\/wp-json\/wp\/v2\/pages\/3393"}],"collection":[{"href":"https:\/\/www.zulaibar.net\/es\/wp-json\/wp\/v2\/pages"}],"about":[{"href":"https:\/\/www.zulaibar.net\/es\/wp-json\/wp\/v2\/types\/page"}],"author":[{"embeddable":true,"href":"https:\/\/www.zulaibar.net\/es\/wp-json\/wp\/v2\/users\/1"}],"replies":[{"embeddable":true,"href":"https:\/\/www.zulaibar.net\/es\/wp-json\/wp\/v2\/comments?post=3393"}],"version-history":[{"count":8,"href":"https:\/\/www.zulaibar.net\/es\/wp-json\/wp\/v2\/pages\/3393\/revisions"}],"predecessor-version":[{"id":3405,"href":"https:\/\/www.zulaibar.net\/es\/wp-json\/wp\/v2\/pages\/3393\/revisions\/3405"}],"wp:attachment":[{"href":"https:\/\/www.zulaibar.net\/es\/wp-json\/wp\/v2\/media?parent=3393"}],"curies":[{"name":"wp","href":"https:\/\/api.w.org\/{rel}","templated":true}]}}