{"id":3416,"date":"2016-06-13T08:29:12","date_gmt":"2016-06-13T07:29:12","guid":{"rendered":"https:\/\/www.zulaibar.net\/es\/?page_id=3416"},"modified":"2020-05-08T16:59:09","modified_gmt":"2020-05-08T15:59:09","slug":"ikasenpresa","status":"publish","type":"page","link":"https:\/\/www.zulaibar.net\/es\/ikasenpresa\/","title":{"rendered":"Ikasenpresa"},"content":{"rendered":"<p>[vc_row][vc_column width=&#8221;1\/3&#8243;][vc_empty_space height=&#8221;48px&#8221;][vc_cta h2=&#8221;Programa Ikasenpresa&#8221; h4=&#8221;Programa para acercar el mundo empresarial a los alumnos&#8221;]El\u00a0<strong>Departamento de Educaci\u00f3n del Gobierno Vasco<\/strong>\u00a0a trav\u00e9s de\u00a0<strong>Tknika<\/strong>\u00a0(<em>Centro de Investigaci\u00f3n e Innova\u00adci\u00f3n Aplicada de la Formaci\u00f3n Profesional del Pa\u00eds Vasco<\/em>),\u00a0 coordina el programa <strong>IKASENPRESA<\/strong>,\u00a0dirigido al\u00a0<strong>alumnado de Ciclos Formativos<\/strong>\u00a0de Grado Medio y Grado superior.<\/p>\n<p>Ikasenpresa es un proyecto de innovaci\u00f3n educativa orientado a que los alumnos y alumnas que cursan el m\u00f3dulo Empresa e Iniciativa Emprendedora adquieran una serie de competencias propias de personas emprendedoras, a trav\u00e9s de una metodolog\u00eda activa, innovadora y sobre todo, pr\u00e1ctica.[\/vc_cta][\/vc_column][vc_column width=&#8221;1\/3&#8243;][vc_empty_space height=&#8221;48px&#8221;][vc_custom_heading text=&#8221;\u00bfQu\u00e9 se hace?&#8221; font_container=&#8221;tag:h3|text_align:left&#8221; google_fonts=&#8221;font_family:Montserrat%3Aregular%2C700|font_style:400%20regular%3A400%3Anormal&#8221; css=&#8221;.vc_custom_1465802869242{padding-bottom: 15px !important;}&#8221;]\n        <ul class=\"fa-ul academia-quickinfo\">\n                        <li><i class=\"fa-li fa fa-paper-plane-o\"><\/i>Los alumnos montan una peque\u00f1a empresa en la que realizan todas las actividades de la misma, imagen corporativa, administraci\u00f3n, marketing, compraventa, etc.<\/li>\n                                        <li><i class=\"fa-li fa fa-codepen\"><\/i>Sus productos son reales, realizados por ellos mismos o comercializados<\/li>\n                                                                                                            \n        <\/ul>\n\n\n        [\/vc_column][vc_column width=&#8221;1\/3&#8243;][vc_empty_space height=&#8221;48px&#8221;][vc_single_image image=&#8221;3411&#8243; img_size=&#8221;medium&#8221; alignment=&#8221;center&#8221; css_animation=&#8221;left-to-right&#8221;][\/vc_column][\/vc_row][vc_row][vc_column][vc_column_text]<\/p>\n<h3>\u00bfQu\u00e9 es Ikasenpresa?<\/h3>\n<p><strong>Ikasenpresa<\/strong>\u00a0es un programa educativo que se desarrolla en torno a la creaci\u00f3n de empresas \u00a0escolares en las aulas. Este proyecto tiene entre sus objetivos acercar el mundo de la empresa al aula, potenciando el desarrollo de capacidades emprendedoras: creatividad, innovaci\u00f3n, trabajo en equipo, toma de decisiones, iniciativa, liderazgo, compromiso y determinaci\u00f3n, negociaci\u00f3n, etc.<\/p>\n<p><strong>Ikasenpresa<\/strong>\u00a0crea un contexto educativo innovador y emplea una metodolog\u00eda de aprendizaje eminentemente pr\u00e1ctica que contempla el manejo de nuevas tecnolog\u00edas (correo electr\u00f3nico, videoconferencia, uso de lenguas extranjeras, etc.), herramientas de trabajo y comunicaci\u00f3n imprescindibles en la actual sociedad de la informaci\u00f3n.<\/p>\n<p>[\/vc_column_text][\/vc_column][\/vc_row]<\/p>\n","protected":false},"excerpt":{"rendered":"<p>[vc_row][vc_column width=&#8221;1\/3&#8243;][vc_empty_space height=&#8221;48px&#8221;][vc_cta h2=&#8221;Programa Ikasenpresa&#8221; h4=&#8221;Programa para acercar el mundo empresarial a los alumnos&#8221;]El\u00a0Departamento de [&hellip;]<\/p>\n","protected":false},"author":1,"featured_media":0,"parent":0,"menu_order":0,"comment_status":"closed","ping_status":"closed","template":"","meta":[],"yoast_head":"<!-- This site is optimized with the Yoast SEO plugin v20.5 - https:\/\/yoast.com\/wordpress\/plugins\/seo\/ -->\n<title>Ikasenpresa - Zulaibar Arratiako Lanbide Ikastegia<\/title>\n<meta name=\"robots\" content=\"index, follow, max-snippet:-1, max-image-preview:large, max-video-preview:-1\" \/>\n<link rel=\"canonical\" href=\"https:\/\/www.zulaibar.net\/es\/ikasenpresa\/\" \/>\n<meta property=\"og:locale\" content=\"es_ES\" \/>\n<meta property=\"og:type\" content=\"article\" \/>\n<meta property=\"og:title\" content=\"Ikasenpresa - Zulaibar Arratiako Lanbide Ikastegia\" \/>\n<meta property=\"og:description\" content=\"[vc_row][vc_column width=&#8221;1\/3&#8243;][vc_empty_space height=&#8221;48px&#8221;][vc_cta h2=&#8221;Programa Ikasenpresa&#8221; h4=&#8221;Programa para acercar el mundo empresarial a los alumnos&#8221;]El\u00a0Departamento de [&hellip;]\" \/>\n<meta property=\"og:url\" content=\"https:\/\/www.zulaibar.net\/es\/ikasenpresa\/\" \/>\n<meta property=\"og:site_name\" content=\"Zulaibar Arratiako Lanbide Ikastegia\" \/>\n<meta property=\"article:publisher\" content=\"https:\/\/www.facebook.com\/zulaibar.arratiakolanbideikastegia\" \/>\n<meta property=\"article:modified_time\" content=\"2020-05-08T15:59:09+00:00\" \/>\n<meta name=\"twitter:label1\" content=\"Tiempo de lectura\" \/>\n\t<meta name=\"twitter:data1\" content=\"2 minutos\" \/>\n<script type=\"application\/ld+json\" class=\"yoast-schema-graph\">{\"@context\":\"https:\/\/schema.org\",\"@graph\":[{\"@type\":\"WebPage\",\"@id\":\"https:\/\/www.zulaibar.net\/es\/ikasenpresa\/\",\"url\":\"https:\/\/www.zulaibar.net\/es\/ikasenpresa\/\",\"name\":\"Ikasenpresa - Zulaibar Arratiako Lanbide Ikastegia\",\"isPartOf\":{\"@id\":\"https:\/\/www.zulaibar.net\/#website\"},\"datePublished\":\"2016-06-13T07:29:12+00:00\",\"dateModified\":\"2020-05-08T15:59:09+00:00\",\"breadcrumb\":{\"@id\":\"https:\/\/www.zulaibar.net\/es\/ikasenpresa\/#breadcrumb\"},\"inLanguage\":\"es\",\"potentialAction\":[{\"@type\":\"ReadAction\",\"target\":[\"https:\/\/www.zulaibar.net\/es\/ikasenpresa\/\"]}]},{\"@type\":\"BreadcrumbList\",\"@id\":\"https:\/\/www.zulaibar.net\/es\/ikasenpresa\/#breadcrumb\",\"itemListElement\":[{\"@type\":\"ListItem\",\"position\":1,\"name\":\"Portada\",\"item\":\"https:\/\/www.zulaibar.net\/es\/\"},{\"@type\":\"ListItem\",\"position\":2,\"name\":\"Ikasenpresa\"}]},{\"@type\":\"WebSite\",\"@id\":\"https:\/\/www.zulaibar.net\/#website\",\"url\":\"https:\/\/www.zulaibar.net\/\",\"name\":\"Zulaibar Arratiako Lanbide Ikastegia\",\"description\":\"Zulaibar Arratiako Lanbide Ikastegiaren web gunea\",\"potentialAction\":[{\"@type\":\"SearchAction\",\"target\":{\"@type\":\"EntryPoint\",\"urlTemplate\":\"https:\/\/www.zulaibar.net\/?s={search_term_string}\"},\"query-input\":\"required name=search_term_string\"}],\"inLanguage\":\"es\"}]}<\/script>\n<!-- \/ Yoast SEO plugin. -->","yoast_head_json":{"title":"Ikasenpresa - Zulaibar Arratiako Lanbide Ikastegia","robots":{"index":"index","follow":"follow","max-snippet":"max-snippet:-1","max-image-preview":"max-image-preview:large","max-video-preview":"max-video-preview:-1"},"canonical":"https:\/\/www.zulaibar.net\/es\/ikasenpresa\/","og_locale":"es_ES","og_type":"article","og_title":"Ikasenpresa - Zulaibar Arratiako Lanbide Ikastegia","og_description":"[vc_row][vc_column width=&#8221;1\/3&#8243;][vc_empty_space height=&#8221;48px&#8221;][vc_cta h2=&#8221;Programa Ikasenpresa&#8221; h4=&#8221;Programa para acercar el mundo empresarial a los alumnos&#8221;]El\u00a0Departamento de [&hellip;]","og_url":"https:\/\/www.zulaibar.net\/es\/ikasenpresa\/","og_site_name":"Zulaibar Arratiako Lanbide Ikastegia","article_publisher":"https:\/\/www.facebook.com\/zulaibar.arratiakolanbideikastegia","article_modified_time":"2020-05-08T15:59:09+00:00","twitter_misc":{"Tiempo de lectura":"2 minutos"},"schema":{"@context":"https:\/\/schema.org","@graph":[{"@type":"WebPage","@id":"https:\/\/www.zulaibar.net\/es\/ikasenpresa\/","url":"https:\/\/www.zulaibar.net\/es\/ikasenpresa\/","name":"Ikasenpresa - Zulaibar Arratiako Lanbide Ikastegia","isPartOf":{"@id":"https:\/\/www.zulaibar.net\/#website"},"datePublished":"2016-06-13T07:29:12+00:00","dateModified":"2020-05-08T15:59:09+00:00","breadcrumb":{"@id":"https:\/\/www.zulaibar.net\/es\/ikasenpresa\/#breadcrumb"},"inLanguage":"es","potentialAction":[{"@type":"ReadAction","target":["https:\/\/www.zulaibar.net\/es\/ikasenpresa\/"]}]},{"@type":"BreadcrumbList","@id":"https:\/\/www.zulaibar.net\/es\/ikasenpresa\/#breadcrumb","itemListElement":[{"@type":"ListItem","position":1,"name":"Portada","item":"https:\/\/www.zulaibar.net\/es\/"},{"@type":"ListItem","position":2,"name":"Ikasenpresa"}]},{"@type":"WebSite","@id":"https:\/\/www.zulaibar.net\/#website","url":"https:\/\/www.zulaibar.net\/","name":"Zulaibar Arratiako Lanbide Ikastegia","description":"Zulaibar Arratiako Lanbide Ikastegiaren web gunea","potentialAction":[{"@type":"SearchAction","target":{"@type":"EntryPoint","urlTemplate":"https:\/\/www.zulaibar.net\/?s={search_term_string}"},"query-input":"required name=search_term_string"}],"inLanguage":"es"}]}},"_links":{"self":[{"href":"https:\/\/www.zulaibar.net\/es\/wp-json\/wp\/v2\/pages\/3416"}],"collection":[{"href":"https:\/\/www.zulaibar.net\/es\/wp-json\/wp\/v2\/pages"}],"about":[{"href":"https:\/\/www.zulaibar.net\/es\/wp-json\/wp\/v2\/types\/page"}],"author":[{"embeddable":true,"href":"https:\/\/www.zulaibar.net\/es\/wp-json\/wp\/v2\/users\/1"}],"replies":[{"embeddable":true,"href":"https:\/\/www.zulaibar.net\/es\/wp-json\/wp\/v2\/comments?post=3416"}],"version-history":[{"count":4,"href":"https:\/\/www.zulaibar.net\/es\/wp-json\/wp\/v2\/pages\/3416\/revisions"}],"predecessor-version":[{"id":5181,"href":"https:\/\/www.zulaibar.net\/es\/wp-json\/wp\/v2\/pages\/3416\/revisions\/5181"}],"wp:attachment":[{"href":"https:\/\/www.zulaibar.net\/es\/wp-json\/wp\/v2\/media?parent=3416"}],"curies":[{"name":"wp","href":"https:\/\/api.w.org\/{rel}","templated":true}]}}