{"id":3530,"date":"2016-11-14T13:59:28","date_gmt":"2016-11-14T12:59:28","guid":{"rendered":"https:\/\/www.zulaibar.net\/es\/?page_id=3530"},"modified":"2018-03-24T09:44:17","modified_gmt":"2018-03-24T08:44:17","slug":"formula-student-bizkaia","status":"publish","type":"page","link":"https:\/\/www.zulaibar.net\/es\/formula-student-bizkaia\/","title":{"rendered":"FORMULA STUDENT BIZKAIA"},"content":{"rendered":"<p>[vc_row][vc_column][vc_empty_space height=&#8221;64px&#8221;][vc_cta h2=&#8221;PROYECTO &#8220;FORMULA STUDENT BIZKAIA&#8220; &#8220;]Un a\u00f1o m\u00e1s los alumnos de Zulaibar colaborando con la Escuela de Ingenieros en el mecanizado de piezas.[\/vc_cta][\/vc_column][\/vc_row][vc_row][vc_column][vc_column_text]<\/p>\n<h2><b>\u00bfQU\u00c9 ES?<br \/>\n<\/b><\/h2>\n<p><span class=\"m_-2228131472341169739gmail-m_7769989151514807664gmail-color_11\">Formula Student Bizkaia es el equipo de Formula Student de la Universidad del Pa\u00eds Vasco (UPV\/EHU).\u00a0 Cada a\u00f1o, el equipo dise\u00f1a, fabrica y compite con un monoplaza el\u00e9ctrico de competici\u00f3n. Desde el a\u00f1o pasado, los alumnos de Zulaibar colaboran con el proyecto realizando el mecanizado de piezas.<\/span><\/p>\n<p>&nbsp;<\/p>\n<p>[\/vc_column_text][vc_gallery type=&#8221;image_grid&#8221; images=&#8221;3498,3500,3502,3504,3506,3508,3510,3512,3514,3516,3518,3520,3522,3524&#8243; title=&#8221;Argazkiak&#8221;][\/vc_column][\/vc_row]<\/p>\n","protected":false},"excerpt":{"rendered":"<p>[vc_row][vc_column][vc_empty_space height=&#8221;64px&#8221;][vc_cta h2=&#8221;PROYECTO &#8220;FORMULA STUDENT BIZKAIA&#8220; &#8220;]Un a\u00f1o m\u00e1s los alumnos de Zulaibar colaborando con [&hellip;]<\/p>\n","protected":false},"author":1,"featured_media":3498,"parent":0,"menu_order":0,"comment_status":"closed","ping_status":"closed","template":"","meta":[],"yoast_head":"<!-- This site is optimized with the Yoast SEO plugin v20.5 - https:\/\/yoast.com\/wordpress\/plugins\/seo\/ -->\n<title>FORMULA STUDENT BIZKAIA - Zulaibar Arratiako Lanbide Ikastegia<\/title>\n<meta name=\"robots\" content=\"index, follow, max-snippet:-1, max-image-preview:large, max-video-preview:-1\" \/>\n<link rel=\"canonical\" href=\"https:\/\/www.zulaibar.net\/es\/formula-student-bizkaia\/\" \/>\n<meta property=\"og:locale\" content=\"es_ES\" \/>\n<meta property=\"og:type\" content=\"article\" \/>\n<meta property=\"og:title\" content=\"FORMULA STUDENT BIZKAIA - Zulaibar Arratiako Lanbide Ikastegia\" \/>\n<meta property=\"og:description\" content=\"[vc_row][vc_column][vc_empty_space height=&#8221;64px&#8221;][vc_cta h2=&#8221;PROYECTO &#8220;FORMULA STUDENT BIZKAIA&#8220; &#8220;]Un a\u00f1o m\u00e1s los alumnos de Zulaibar colaborando con [&hellip;]\" \/>\n<meta property=\"og:url\" content=\"https:\/\/www.zulaibar.net\/es\/formula-student-bizkaia\/\" \/>\n<meta property=\"og:site_name\" content=\"Zulaibar Arratiako Lanbide Ikastegia\" \/>\n<meta property=\"article:publisher\" content=\"https:\/\/www.facebook.com\/zulaibar.arratiakolanbideikastegia\" \/>\n<meta property=\"article:modified_time\" content=\"2018-03-24T08:44:17+00:00\" \/>\n<meta property=\"og:image\" content=\"https:\/\/www.zulaibar.net\/wp-content\/uploads\/2016\/11\/fsb.jpg\" \/>\n\t<meta property=\"og:image:width\" content=\"1200\" \/>\n\t<meta property=\"og:image:height\" content=\"630\" \/>\n\t<meta property=\"og:image:type\" content=\"image\/jpeg\" \/>\n<meta name=\"twitter:label1\" content=\"Tiempo de lectura\" \/>\n\t<meta name=\"twitter:data1\" content=\"1 minuto\" \/>\n<script type=\"application\/ld+json\" class=\"yoast-schema-graph\">{\"@context\":\"https:\/\/schema.org\",\"@graph\":[{\"@type\":\"WebPage\",\"@id\":\"https:\/\/www.zulaibar.net\/es\/formula-student-bizkaia\/\",\"url\":\"https:\/\/www.zulaibar.net\/es\/formula-student-bizkaia\/\",\"name\":\"FORMULA STUDENT BIZKAIA - Zulaibar Arratiako Lanbide Ikastegia\",\"isPartOf\":{\"@id\":\"https:\/\/www.zulaibar.net\/#website\"},\"datePublished\":\"2016-11-14T12:59:28+00:00\",\"dateModified\":\"2018-03-24T08:44:17+00:00\",\"breadcrumb\":{\"@id\":\"https:\/\/www.zulaibar.net\/es\/formula-student-bizkaia\/#breadcrumb\"},\"inLanguage\":\"es\",\"potentialAction\":[{\"@type\":\"ReadAction\",\"target\":[\"https:\/\/www.zulaibar.net\/es\/formula-student-bizkaia\/\"]}]},{\"@type\":\"BreadcrumbList\",\"@id\":\"https:\/\/www.zulaibar.net\/es\/formula-student-bizkaia\/#breadcrumb\",\"itemListElement\":[{\"@type\":\"ListItem\",\"position\":1,\"name\":\"Portada\",\"item\":\"https:\/\/www.zulaibar.net\/es\/\"},{\"@type\":\"ListItem\",\"position\":2,\"name\":\"FORMULA STUDENT BIZKAIA\"}]},{\"@type\":\"WebSite\",\"@id\":\"https:\/\/www.zulaibar.net\/#website\",\"url\":\"https:\/\/www.zulaibar.net\/\",\"name\":\"Zulaibar Arratiako Lanbide Ikastegia\",\"description\":\"Zulaibar Arratiako Lanbide Ikastegiaren web gunea\",\"potentialAction\":[{\"@type\":\"SearchAction\",\"target\":{\"@type\":\"EntryPoint\",\"urlTemplate\":\"https:\/\/www.zulaibar.net\/?s={search_term_string}\"},\"query-input\":\"required name=search_term_string\"}],\"inLanguage\":\"es\"}]}<\/script>\n<!-- \/ Yoast SEO plugin. -->","yoast_head_json":{"title":"FORMULA STUDENT BIZKAIA - Zulaibar Arratiako Lanbide Ikastegia","robots":{"index":"index","follow":"follow","max-snippet":"max-snippet:-1","max-image-preview":"max-image-preview:large","max-video-preview":"max-video-preview:-1"},"canonical":"https:\/\/www.zulaibar.net\/es\/formula-student-bizkaia\/","og_locale":"es_ES","og_type":"article","og_title":"FORMULA STUDENT BIZKAIA - Zulaibar Arratiako Lanbide Ikastegia","og_description":"[vc_row][vc_column][vc_empty_space height=&#8221;64px&#8221;][vc_cta h2=&#8221;PROYECTO &#8220;FORMULA STUDENT BIZKAIA&#8220; &#8220;]Un a\u00f1o m\u00e1s los alumnos de Zulaibar colaborando con [&hellip;]","og_url":"https:\/\/www.zulaibar.net\/es\/formula-student-bizkaia\/","og_site_name":"Zulaibar Arratiako Lanbide Ikastegia","article_publisher":"https:\/\/www.facebook.com\/zulaibar.arratiakolanbideikastegia","article_modified_time":"2018-03-24T08:44:17+00:00","og_image":[{"width":1200,"height":630,"url":"https:\/\/www.zulaibar.net\/wp-content\/uploads\/2016\/11\/fsb.jpg","type":"image\/jpeg"}],"twitter_misc":{"Tiempo de lectura":"1 minuto"},"schema":{"@context":"https:\/\/schema.org","@graph":[{"@type":"WebPage","@id":"https:\/\/www.zulaibar.net\/es\/formula-student-bizkaia\/","url":"https:\/\/www.zulaibar.net\/es\/formula-student-bizkaia\/","name":"FORMULA STUDENT BIZKAIA - Zulaibar Arratiako Lanbide Ikastegia","isPartOf":{"@id":"https:\/\/www.zulaibar.net\/#website"},"datePublished":"2016-11-14T12:59:28+00:00","dateModified":"2018-03-24T08:44:17+00:00","breadcrumb":{"@id":"https:\/\/www.zulaibar.net\/es\/formula-student-bizkaia\/#breadcrumb"},"inLanguage":"es","potentialAction":[{"@type":"ReadAction","target":["https:\/\/www.zulaibar.net\/es\/formula-student-bizkaia\/"]}]},{"@type":"BreadcrumbList","@id":"https:\/\/www.zulaibar.net\/es\/formula-student-bizkaia\/#breadcrumb","itemListElement":[{"@type":"ListItem","position":1,"name":"Portada","item":"https:\/\/www.zulaibar.net\/es\/"},{"@type":"ListItem","position":2,"name":"FORMULA STUDENT BIZKAIA"}]},{"@type":"WebSite","@id":"https:\/\/www.zulaibar.net\/#website","url":"https:\/\/www.zulaibar.net\/","name":"Zulaibar Arratiako Lanbide Ikastegia","description":"Zulaibar Arratiako Lanbide Ikastegiaren web gunea","potentialAction":[{"@type":"SearchAction","target":{"@type":"EntryPoint","urlTemplate":"https:\/\/www.zulaibar.net\/?s={search_term_string}"},"query-input":"required name=search_term_string"}],"inLanguage":"es"}]}},"_links":{"self":[{"href":"https:\/\/www.zulaibar.net\/es\/wp-json\/wp\/v2\/pages\/3530"}],"collection":[{"href":"https:\/\/www.zulaibar.net\/es\/wp-json\/wp\/v2\/pages"}],"about":[{"href":"https:\/\/www.zulaibar.net\/es\/wp-json\/wp\/v2\/types\/page"}],"author":[{"embeddable":true,"href":"https:\/\/www.zulaibar.net\/es\/wp-json\/wp\/v2\/users\/1"}],"replies":[{"embeddable":true,"href":"https:\/\/www.zulaibar.net\/es\/wp-json\/wp\/v2\/comments?post=3530"}],"version-history":[{"count":1,"href":"https:\/\/www.zulaibar.net\/es\/wp-json\/wp\/v2\/pages\/3530\/revisions"}],"predecessor-version":[{"id":3531,"href":"https:\/\/www.zulaibar.net\/es\/wp-json\/wp\/v2\/pages\/3530\/revisions\/3531"}],"wp:featuredmedia":[{"embeddable":true,"href":"https:\/\/www.zulaibar.net\/es\/wp-json\/wp\/v2\/media\/3498"}],"wp:attachment":[{"href":"https:\/\/www.zulaibar.net\/es\/wp-json\/wp\/v2\/media?parent=3530"}],"curies":[{"name":"wp","href":"https:\/\/api.w.org\/{rel}","templated":true}]}}