{"id":3684,"date":"2016-12-27T16:31:57","date_gmt":"2016-12-27T15:31:57","guid":{"rendered":"https:\/\/www.zulaibar.net\/es\/?page_id=3684"},"modified":"2023-05-06T10:08:06","modified_gmt":"2023-05-06T09:08:06","slug":"fotos-generales","status":"publish","type":"page","link":"https:\/\/www.zulaibar.net\/es\/fotos-generales\/","title":{"rendered":"Fotos generales"},"content":{"rendered":"<p>[vc_row][vc_column][vc_column_text]<\/p>\n<h2><\/h2>\n<h2>ZULAIBAR, EN IM\u00c1GENES<\/h2>\n<p>[\/vc_column_text][\/vc_column][\/vc_row][vc_row][vc_column][vc_column_text]&nbsp;<\/p>\n<p>&nbsp;<\/p>\n<p>&nbsp;<\/p>\n<p>El valle de Arratia ya cuenta con un <strong>nuevo polo de dinamizaci\u00f3n socioecon\u00f3mica, <\/strong>un n\u00facleo de atracci\u00f3n del talento y vivero de empresas.<\/p>\n<p>Entre otras novedades, Campus Zulaibar cuenta con un <strong>taller avanzado de calderer\u00eda fina<\/strong>, un ciclo de <strong>fabricaci\u00f3n avanzada de dise\u00f1o y prototipado<\/strong>, un taller conectado de <strong>fabricaci\u00f3n de alto rendimiento<\/strong>, un <strong>Smart Factory 4.0<\/strong> (laboratorio avanzado de autom\u00e1tica y rob\u00f3tica), un laboratorio de <strong>promoci\u00f3n de autonom\u00eda de las personas<\/strong>, un laboratorio de ensayo de baler\u00edas o banco de <strong>ensayos el\u00e9ctricos<\/strong> dirigidos a las empresas, entre otras instalaciones innovadoras.<\/p>\n<p>Los nuevos espacios tienen, as\u00ed, un <strong>uso acad\u00e9mico y empresarial,<\/strong> al mismo tiempo. Dan servicio al alumnado y est\u00e1n disponibles para las empresas que quieran despegar nuevos negocios, fomentar la especializaci\u00f3n de sus profesionales o el reciclaje formativo de sus trabajadores.<\/p>\n<p>En este sentido, Campus Zulaibar tambi\u00e9n dispone de una <strong>sala de <em>co-working<\/em><\/strong> y un vivero de empresas, as\u00ed como salas de reuniones y videoconferencias, salas de trabajo y diversas aulas-taller.[\/vc_column_text][vc_column_text]<\/p>\n<p>I am text block. Click edit button to change this text. Lorem ipsum dolor sit amet, consectetur adipiscing elit. Ut elit tellus, luctus nec ullamcorper mattis, pulvinar dapibus leo.<\/p>\n<p>[\/vc_column_text][\/vc_column][\/vc_row][vc_row][vc_column][vc_gallery type=&#8221;image_grid&#8221; images=&#8221;6183,6181,6179,6177,6175,6171,6169,6167,6165,6163,6161,6159&#8243; img_size=&#8221;medium&#8221;][\/vc_column][\/vc_row]<\/p>\n","protected":false},"excerpt":{"rendered":"<p>[vc_row][vc_column][vc_column_text] ZULAIBAR, EN IM\u00c1GENES [\/vc_column_text][\/vc_column][\/vc_row][vc_row][vc_column][vc_column_text]&nbsp; &nbsp; &nbsp; El valle de Arratia ya cuenta con un [&hellip;]<\/p>\n","protected":false},"author":1,"featured_media":0,"parent":0,"menu_order":0,"comment_status":"closed","ping_status":"closed","template":"","meta":[],"yoast_head":"<!-- This site is optimized with the Yoast SEO plugin v20.5 - https:\/\/yoast.com\/wordpress\/plugins\/seo\/ -->\n<title>Fotos generales - Zulaibar Arratiako Lanbide Ikastegia<\/title>\n<meta name=\"robots\" content=\"index, follow, max-snippet:-1, max-image-preview:large, max-video-preview:-1\" \/>\n<link rel=\"canonical\" href=\"https:\/\/www.zulaibar.net\/es\/fotos-generales\/\" \/>\n<meta property=\"og:locale\" content=\"es_ES\" \/>\n<meta property=\"og:type\" content=\"article\" \/>\n<meta property=\"og:title\" content=\"Fotos generales - Zulaibar Arratiako Lanbide Ikastegia\" \/>\n<meta property=\"og:description\" content=\"[vc_row][vc_column][vc_column_text] ZULAIBAR, EN IM\u00c1GENES [\/vc_column_text][\/vc_column][\/vc_row][vc_row][vc_column][vc_column_text]&nbsp; &nbsp; &nbsp; El valle de Arratia ya cuenta con un [&hellip;]\" \/>\n<meta property=\"og:url\" content=\"https:\/\/www.zulaibar.net\/es\/fotos-generales\/\" \/>\n<meta property=\"og:site_name\" content=\"Zulaibar Arratiako Lanbide Ikastegia\" \/>\n<meta property=\"article:publisher\" content=\"https:\/\/www.facebook.com\/zulaibar.arratiakolanbideikastegia\" \/>\n<meta property=\"article:modified_time\" content=\"2023-05-06T09:08:06+00:00\" \/>\n<meta name=\"twitter:label1\" content=\"Tiempo de lectura\" \/>\n\t<meta name=\"twitter:data1\" content=\"1 minuto\" \/>\n<script type=\"application\/ld+json\" class=\"yoast-schema-graph\">{\"@context\":\"https:\/\/schema.org\",\"@graph\":[{\"@type\":\"WebPage\",\"@id\":\"https:\/\/www.zulaibar.net\/es\/fotos-generales\/\",\"url\":\"https:\/\/www.zulaibar.net\/es\/fotos-generales\/\",\"name\":\"Fotos generales - Zulaibar Arratiako Lanbide Ikastegia\",\"isPartOf\":{\"@id\":\"https:\/\/www.zulaibar.net\/#website\"},\"datePublished\":\"2016-12-27T15:31:57+00:00\",\"dateModified\":\"2023-05-06T09:08:06+00:00\",\"breadcrumb\":{\"@id\":\"https:\/\/www.zulaibar.net\/es\/fotos-generales\/#breadcrumb\"},\"inLanguage\":\"es\",\"potentialAction\":[{\"@type\":\"ReadAction\",\"target\":[\"https:\/\/www.zulaibar.net\/es\/fotos-generales\/\"]}]},{\"@type\":\"BreadcrumbList\",\"@id\":\"https:\/\/www.zulaibar.net\/es\/fotos-generales\/#breadcrumb\",\"itemListElement\":[{\"@type\":\"ListItem\",\"position\":1,\"name\":\"Portada\",\"item\":\"https:\/\/www.zulaibar.net\/es\/\"},{\"@type\":\"ListItem\",\"position\":2,\"name\":\"Fotos generales\"}]},{\"@type\":\"WebSite\",\"@id\":\"https:\/\/www.zulaibar.net\/#website\",\"url\":\"https:\/\/www.zulaibar.net\/\",\"name\":\"Zulaibar Arratiako Lanbide Ikastegia\",\"description\":\"Zulaibar Arratiako Lanbide Ikastegiaren web gunea\",\"potentialAction\":[{\"@type\":\"SearchAction\",\"target\":{\"@type\":\"EntryPoint\",\"urlTemplate\":\"https:\/\/www.zulaibar.net\/?s={search_term_string}\"},\"query-input\":\"required name=search_term_string\"}],\"inLanguage\":\"es\"}]}<\/script>\n<!-- \/ Yoast SEO plugin. -->","yoast_head_json":{"title":"Fotos generales - Zulaibar Arratiako Lanbide Ikastegia","robots":{"index":"index","follow":"follow","max-snippet":"max-snippet:-1","max-image-preview":"max-image-preview:large","max-video-preview":"max-video-preview:-1"},"canonical":"https:\/\/www.zulaibar.net\/es\/fotos-generales\/","og_locale":"es_ES","og_type":"article","og_title":"Fotos generales - Zulaibar Arratiako Lanbide Ikastegia","og_description":"[vc_row][vc_column][vc_column_text] ZULAIBAR, EN IM\u00c1GENES [\/vc_column_text][\/vc_column][\/vc_row][vc_row][vc_column][vc_column_text]&nbsp; &nbsp; &nbsp; El valle de Arratia ya cuenta con un [&hellip;]","og_url":"https:\/\/www.zulaibar.net\/es\/fotos-generales\/","og_site_name":"Zulaibar Arratiako Lanbide Ikastegia","article_publisher":"https:\/\/www.facebook.com\/zulaibar.arratiakolanbideikastegia","article_modified_time":"2023-05-06T09:08:06+00:00","twitter_misc":{"Tiempo de lectura":"1 minuto"},"schema":{"@context":"https:\/\/schema.org","@graph":[{"@type":"WebPage","@id":"https:\/\/www.zulaibar.net\/es\/fotos-generales\/","url":"https:\/\/www.zulaibar.net\/es\/fotos-generales\/","name":"Fotos generales - Zulaibar Arratiako Lanbide Ikastegia","isPartOf":{"@id":"https:\/\/www.zulaibar.net\/#website"},"datePublished":"2016-12-27T15:31:57+00:00","dateModified":"2023-05-06T09:08:06+00:00","breadcrumb":{"@id":"https:\/\/www.zulaibar.net\/es\/fotos-generales\/#breadcrumb"},"inLanguage":"es","potentialAction":[{"@type":"ReadAction","target":["https:\/\/www.zulaibar.net\/es\/fotos-generales\/"]}]},{"@type":"BreadcrumbList","@id":"https:\/\/www.zulaibar.net\/es\/fotos-generales\/#breadcrumb","itemListElement":[{"@type":"ListItem","position":1,"name":"Portada","item":"https:\/\/www.zulaibar.net\/es\/"},{"@type":"ListItem","position":2,"name":"Fotos generales"}]},{"@type":"WebSite","@id":"https:\/\/www.zulaibar.net\/#website","url":"https:\/\/www.zulaibar.net\/","name":"Zulaibar Arratiako Lanbide Ikastegia","description":"Zulaibar Arratiako Lanbide Ikastegiaren web gunea","potentialAction":[{"@type":"SearchAction","target":{"@type":"EntryPoint","urlTemplate":"https:\/\/www.zulaibar.net\/?s={search_term_string}"},"query-input":"required name=search_term_string"}],"inLanguage":"es"}]}},"_links":{"self":[{"href":"https:\/\/www.zulaibar.net\/es\/wp-json\/wp\/v2\/pages\/3684"}],"collection":[{"href":"https:\/\/www.zulaibar.net\/es\/wp-json\/wp\/v2\/pages"}],"about":[{"href":"https:\/\/www.zulaibar.net\/es\/wp-json\/wp\/v2\/types\/page"}],"author":[{"embeddable":true,"href":"https:\/\/www.zulaibar.net\/es\/wp-json\/wp\/v2\/users\/1"}],"replies":[{"embeddable":true,"href":"https:\/\/www.zulaibar.net\/es\/wp-json\/wp\/v2\/comments?post=3684"}],"version-history":[{"count":14,"href":"https:\/\/www.zulaibar.net\/es\/wp-json\/wp\/v2\/pages\/3684\/revisions"}],"predecessor-version":[{"id":6192,"href":"https:\/\/www.zulaibar.net\/es\/wp-json\/wp\/v2\/pages\/3684\/revisions\/6192"}],"wp:attachment":[{"href":"https:\/\/www.zulaibar.net\/es\/wp-json\/wp\/v2\/media?parent=3684"}],"curies":[{"name":"wp","href":"https:\/\/api.w.org\/{rel}","templated":true}]}}