{"id":526,"date":"2013-05-07T14:22:56","date_gmt":"2013-05-07T13:22:56","guid":{"rendered":"http:\/\/cas.zulaibar.org\/?page_id=526"},"modified":"2026-03-02T21:57:53","modified_gmt":"2026-03-02T20:57:53","slug":"erasmus","status":"publish","type":"page","link":"https:\/\/www.zulaibar.net\/es\/erasmus\/","title":{"rendered":"ERASMUS +"},"content":{"rendered":"<p>[vc_row][vc_column][vc_empty_space][\/vc_column][\/vc_row][vc_row][vc_column width=&#8221;2\/3&#8243; offset=&#8221;vc_col-lg-8 vc_col-md-7 vc_col-xs-12&#8243;][vc_column_text]<\/p>\n<p>I am text block. Click edit button to change this text. Lorem ipsum dolor sit amet, consectetur adipiscing elit. Ut elit tellus, luctus nec ullamcorper mattis, pulvinar dapibus leo.<\/p>\n<p>[\/vc_column_text][vc_row_inner][vc_column_inner width=&#8221;1\/2&#8243;][vc_message message_box_color=&#8221;success&#8221; icon_fontawesome=&#8221;fa fa-rocket&#8221;]<\/p>\n<h4>Objetivos:<\/h4>\n<ul>\n<li>Apoyar la adquisici\u00f3n de competencias y mejorar el desarrollo personal y las oportunidades de empleo.<\/li>\n<li>Mejorar la competencia en lenguas extranjeras.<\/li>\n<li>Aumentar la conciencia y comprensi\u00f3n de otras culturas y pa\u00edses.<\/li>\n<li>Asegurar el reconocimiento de las competencias adquiridas en periodos de aprendizaje en el extranjero<\/li>\n<\/ul>\n<p>[\/vc_message][vc_message message_box_color=&#8221;success&#8221; icon_fontawesome=&#8221;fa fa-file&#8221;]<\/p>\n<h4>\u00bfEn qu\u00e9 consiste?:<\/h4>\n<ul>\n<li>90 d\u00edas \u2013 13 semanas de pr\u00e1cticas en una empresa para alumnado de segundo a\u00f1o de ciclos de grado medio y superior<\/li>\n<li>3 semanas de pr\u00e1cticas en una empresa para alumnado de segundo a\u00f1o de FP B\u00e1sica y tutor acompa\u00f1ante durante la estancia<\/li>\n<li>Apoyo ling\u00fc\u00edstico online. Pruebas nivel inicial y final<\/li>\n<li>M\u00f3dulo de FCT convalidado<\/li>\n<li>Certificaciones de la empresa de acogida<\/li>\n<\/ul>\n<p>[\/vc_message][vc_message message_box_color=&#8221;success&#8221;]Posibles destinos:<\/p>\n<p>Holanda, Irlanda, Finlandia, Italia, Bulgaria, Polonia, Rep\u00fablica Checa, Alemania, Malta, entre otros.[\/vc_message][\/vc_column_inner][vc_column_inner width=&#8221;1\/2&#8243;][vc_custom_heading text=&#8221;Ventajas del programa:&#8221; font_container=&#8221;tag:h3|text_align:left&#8221; google_fonts=&#8221;font_family:Montserrat%3Aregular%2C700|font_style:400%20regular%3A400%3Anormal&#8221; css=&#8221;.vc_custom_1463571419183{padding-bottom: 15px !important;}&#8221;]\n        <ul class=\"fa-ul academia-quickinfo\">\n                        <li><i class=\"fa-li fa fa-file-word-o\"><\/i>Aumenta tus posibilidades de tener empleo al mejorar tu curr\u00edculum<\/li>\n                                        <li><i class=\"fa-li fa fa-flag\"><\/i>Mejora tu nivel de idioma extranjero: ingl\u00e9s, italiano, alem\u00e1n...<\/li>\n                                        <li><i class=\"fa-li fa fa-bicycle\"><\/i>Conoces directamente otra cultura y otro entorno laboral<\/li>\n                                        <li><i class=\"fa-li fa fa-child\"><\/i>Mejora tu autonom\u00eda personal<\/li>\n                                                                                    \n        <\/ul>\n\n\n        [vc_single_image image=&#8221;3853&#8243; img_size=&#8221;full&#8221; alignment=&#8221;center&#8221; onclick=&#8221;custom_link&#8221; img_link_target=&#8221;_blank&#8221; css_animation=&#8221;left-to-right&#8221; link=&#8221;http:\/\/www.hetel.org\/index.php\/eu\/&#8221;][vc_single_image image=&#8221;3339&#8243; img_size=&#8221;medium&#8221; alignment=&#8221;center&#8221; css_animation=&#8221;left-to-right&#8221;][\/vc_column_inner][\/vc_row_inner][\/vc_column][vc_column width=&#8221;1\/3&#8243;][vc_cta h2=&#8221;Criterios de Selecci\u00f3n &#8220;]<strong><a href=\"https:\/\/www.zulaibar.net\/wp-content\/uploads\/2026\/03\/Criterios_-Seleccion_Zulaibar_ES.pdf\">Criterios de seleccio\u0301n<\/a><\/strong>[\/vc_cta][vc_cta h2=&#8221;Confinanciado por&#8230;&#8221;]<\/p>\n<ul>\n<li>La Uni\u00f3n Europea a trav\u00e9s del Servicio Espa\u00f1ol para la Internacionalizaci\u00f3n de la Educaci\u00f3n (SEPIE)- agencia nacional<\/li>\n<li>En el caso de CF Grado Superior por el Gobierno Vasco<\/li>\n<\/ul>\n<p>[\/vc_cta][vc_cta h2=&#8221;Carta Erasmus&#8221;]<a href=\"https:\/\/www.zulaibar.net\/wp-content\/uploads\/2021\/06\/ERASMUS-CHARTER.pdf\">Erasmus charter for higher education<\/a>[\/vc_cta][\/vc_column][\/vc_row]<\/p>\n","protected":false},"excerpt":{"rendered":"<p>[vc_row][vc_column][vc_empty_space][\/vc_column][\/vc_row][vc_row][vc_column width=&#8221;2\/3&#8243; offset=&#8221;vc_col-lg-8 vc_col-md-7 vc_col-xs-12&#8243;][vc_column_text] I am text block. Click edit button to change this [&hellip;]<\/p>\n","protected":false},"author":1,"featured_media":0,"parent":0,"menu_order":0,"comment_status":"closed","ping_status":"closed","template":"","meta":[],"yoast_head":"<!-- This site is optimized with the Yoast SEO plugin v20.5 - https:\/\/yoast.com\/wordpress\/plugins\/seo\/ -->\n<title>ERASMUS + - Zulaibar Arratiako Lanbide Ikastegia<\/title>\n<meta name=\"robots\" content=\"index, follow, max-snippet:-1, max-image-preview:large, max-video-preview:-1\" \/>\n<link rel=\"canonical\" href=\"https:\/\/www.zulaibar.net\/es\/erasmus\/\" \/>\n<meta property=\"og:locale\" content=\"es_ES\" \/>\n<meta property=\"og:type\" content=\"article\" \/>\n<meta property=\"og:title\" content=\"ERASMUS + - Zulaibar Arratiako Lanbide Ikastegia\" \/>\n<meta property=\"og:description\" content=\"[vc_row][vc_column][vc_empty_space][\/vc_column][\/vc_row][vc_row][vc_column width=&#8221;2\/3&#8243; offset=&#8221;vc_col-lg-8 vc_col-md-7 vc_col-xs-12&#8243;][vc_column_text] I am text block. Click edit button to change this [&hellip;]\" \/>\n<meta property=\"og:url\" content=\"https:\/\/www.zulaibar.net\/es\/erasmus\/\" \/>\n<meta property=\"og:site_name\" content=\"Zulaibar Arratiako Lanbide Ikastegia\" \/>\n<meta property=\"article:publisher\" content=\"https:\/\/www.facebook.com\/zulaibar.arratiakolanbideikastegia\" \/>\n<meta property=\"article:modified_time\" content=\"2026-03-02T20:57:53+00:00\" \/>\n<meta name=\"twitter:label1\" content=\"Tiempo de lectura\" \/>\n\t<meta name=\"twitter:data1\" content=\"2 minutos\" \/>\n<script type=\"application\/ld+json\" class=\"yoast-schema-graph\">{\"@context\":\"https:\/\/schema.org\",\"@graph\":[{\"@type\":\"WebPage\",\"@id\":\"https:\/\/www.zulaibar.net\/es\/erasmus\/\",\"url\":\"https:\/\/www.zulaibar.net\/es\/erasmus\/\",\"name\":\"ERASMUS + - Zulaibar Arratiako Lanbide Ikastegia\",\"isPartOf\":{\"@id\":\"https:\/\/www.zulaibar.net\/#website\"},\"datePublished\":\"2013-05-07T13:22:56+00:00\",\"dateModified\":\"2026-03-02T20:57:53+00:00\",\"breadcrumb\":{\"@id\":\"https:\/\/www.zulaibar.net\/es\/erasmus\/#breadcrumb\"},\"inLanguage\":\"es\",\"potentialAction\":[{\"@type\":\"ReadAction\",\"target\":[\"https:\/\/www.zulaibar.net\/es\/erasmus\/\"]}]},{\"@type\":\"BreadcrumbList\",\"@id\":\"https:\/\/www.zulaibar.net\/es\/erasmus\/#breadcrumb\",\"itemListElement\":[{\"@type\":\"ListItem\",\"position\":1,\"name\":\"Portada\",\"item\":\"https:\/\/www.zulaibar.net\/es\/\"},{\"@type\":\"ListItem\",\"position\":2,\"name\":\"ERASMUS +\"}]},{\"@type\":\"WebSite\",\"@id\":\"https:\/\/www.zulaibar.net\/#website\",\"url\":\"https:\/\/www.zulaibar.net\/\",\"name\":\"Zulaibar Arratiako Lanbide Ikastegia\",\"description\":\"Zulaibar Arratiako Lanbide Ikastegiaren web gunea\",\"potentialAction\":[{\"@type\":\"SearchAction\",\"target\":{\"@type\":\"EntryPoint\",\"urlTemplate\":\"https:\/\/www.zulaibar.net\/?s={search_term_string}\"},\"query-input\":\"required name=search_term_string\"}],\"inLanguage\":\"es\"}]}<\/script>\n<!-- \/ Yoast SEO plugin. -->","yoast_head_json":{"title":"ERASMUS + - Zulaibar Arratiako Lanbide Ikastegia","robots":{"index":"index","follow":"follow","max-snippet":"max-snippet:-1","max-image-preview":"max-image-preview:large","max-video-preview":"max-video-preview:-1"},"canonical":"https:\/\/www.zulaibar.net\/es\/erasmus\/","og_locale":"es_ES","og_type":"article","og_title":"ERASMUS + - Zulaibar Arratiako Lanbide Ikastegia","og_description":"[vc_row][vc_column][vc_empty_space][\/vc_column][\/vc_row][vc_row][vc_column width=&#8221;2\/3&#8243; offset=&#8221;vc_col-lg-8 vc_col-md-7 vc_col-xs-12&#8243;][vc_column_text] I am text block. Click edit button to change this [&hellip;]","og_url":"https:\/\/www.zulaibar.net\/es\/erasmus\/","og_site_name":"Zulaibar Arratiako Lanbide Ikastegia","article_publisher":"https:\/\/www.facebook.com\/zulaibar.arratiakolanbideikastegia","article_modified_time":"2026-03-02T20:57:53+00:00","twitter_misc":{"Tiempo de lectura":"2 minutos"},"schema":{"@context":"https:\/\/schema.org","@graph":[{"@type":"WebPage","@id":"https:\/\/www.zulaibar.net\/es\/erasmus\/","url":"https:\/\/www.zulaibar.net\/es\/erasmus\/","name":"ERASMUS + - Zulaibar Arratiako Lanbide Ikastegia","isPartOf":{"@id":"https:\/\/www.zulaibar.net\/#website"},"datePublished":"2013-05-07T13:22:56+00:00","dateModified":"2026-03-02T20:57:53+00:00","breadcrumb":{"@id":"https:\/\/www.zulaibar.net\/es\/erasmus\/#breadcrumb"},"inLanguage":"es","potentialAction":[{"@type":"ReadAction","target":["https:\/\/www.zulaibar.net\/es\/erasmus\/"]}]},{"@type":"BreadcrumbList","@id":"https:\/\/www.zulaibar.net\/es\/erasmus\/#breadcrumb","itemListElement":[{"@type":"ListItem","position":1,"name":"Portada","item":"https:\/\/www.zulaibar.net\/es\/"},{"@type":"ListItem","position":2,"name":"ERASMUS +"}]},{"@type":"WebSite","@id":"https:\/\/www.zulaibar.net\/#website","url":"https:\/\/www.zulaibar.net\/","name":"Zulaibar Arratiako Lanbide Ikastegia","description":"Zulaibar Arratiako Lanbide Ikastegiaren web gunea","potentialAction":[{"@type":"SearchAction","target":{"@type":"EntryPoint","urlTemplate":"https:\/\/www.zulaibar.net\/?s={search_term_string}"},"query-input":"required name=search_term_string"}],"inLanguage":"es"}]}},"_links":{"self":[{"href":"https:\/\/www.zulaibar.net\/es\/wp-json\/wp\/v2\/pages\/526"}],"collection":[{"href":"https:\/\/www.zulaibar.net\/es\/wp-json\/wp\/v2\/pages"}],"about":[{"href":"https:\/\/www.zulaibar.net\/es\/wp-json\/wp\/v2\/types\/page"}],"author":[{"embeddable":true,"href":"https:\/\/www.zulaibar.net\/es\/wp-json\/wp\/v2\/users\/1"}],"replies":[{"embeddable":true,"href":"https:\/\/www.zulaibar.net\/es\/wp-json\/wp\/v2\/comments?post=526"}],"version-history":[{"count":31,"href":"https:\/\/www.zulaibar.net\/es\/wp-json\/wp\/v2\/pages\/526\/revisions"}],"predecessor-version":[{"id":7310,"href":"https:\/\/www.zulaibar.net\/es\/wp-json\/wp\/v2\/pages\/526\/revisions\/7310"}],"wp:attachment":[{"href":"https:\/\/www.zulaibar.net\/es\/wp-json\/wp\/v2\/media?parent=526"}],"curies":[{"name":"wp","href":"https:\/\/api.w.org\/{rel}","templated":true}]}}