{"id":5524,"date":"2021-09-27T12:30:35","date_gmt":"2021-09-27T11:30:35","guid":{"rendered":"https:\/\/www.zulaibar.net\/es\/?page_id=5524"},"modified":"2023-01-20T09:58:15","modified_gmt":"2023-01-20T08:58:15","slug":"tutorial-servicios-informaticos","status":"publish","type":"page","link":"https:\/\/www.zulaibar.net\/es\/tutorial-servicios-informaticos\/","title":{"rendered":"Tutorial de servicios inform\u00e1ticos"},"content":{"rendered":"<p>[vc_row][vc_column][vc_column_text]<\/p>\n<h2><b>Introducci\u00f3n<\/b><\/h2>\n<p>El acceso a todos los recursos del centro est\u00e1n unificados con las credenciales que se te asignaron al comienzo del curso. Estas credenciales te permitir\u00e1n:<\/p>\n<ul>\n<li>Acceder a la Wifi<\/li>\n<li>Acceder a los servicios ofrecidos por Microsoft office365 (Correo, OneDrive, Office online,..)<\/li>\n<li>Entrar en ordenadores fijos<\/li>\n<li>Conectar a escritorios remotos<\/li>\n<\/ul>\n<h2><b>Conexi\u00f3n Wifi<\/b><\/h2>\n<p>A diferencia de las conexiones Wifi tradicionales en la que solo se solicita una contrase\u00f1a, en este caso ser\u00e1 necesario introducir el usuario y contrase\u00f1a que se os han asignado. La red wifi a la que os tendr\u00e9is que conectar es:<\/p>\n<p><b>Zulaibar_NET<\/b><\/p>\n<h2><b>Escritorio remoto<\/b><\/h2>\n<p>A continuaci\u00f3n se explica el uso de este servicio aunque deberas leer el siguiente punto para poder conectarte ya que ha habido cambios.<\/p>\n<p>&nbsp;<\/p>\n<div style=\"width: 640px;\" class=\"wp-video\"><!--[if lt IE 9]><script>document.createElement('video');<\/script><![endif]-->\n<video class=\"wp-video-shortcode\" id=\"video-5524-1\" width=\"640\" height=\"400\" preload=\"metadata\" controls=\"controls\"><source type=\"video\/mp4\" src=\"https:\/\/www.zulaibar.net\/wp-content\/uploads\/2020\/09\/Tutorial_Remote_Desktop.mp4?_=1\" \/><a href=\"https:\/\/www.zulaibar.net\/wp-content\/uploads\/2020\/09\/Tutorial_Remote_Desktop.mp4\">https:\/\/www.zulaibar.net\/wp-content\/uploads\/2020\/09\/Tutorial_Remote_Desktop.mp4<\/a><\/video><\/div>\n<p>&nbsp;<\/p>\n<h2>Cambios respecto al video sobre escritorio remoto<\/h2>\n<p>Para ofrecer un servicio m\u00e1s adaptado a los diferentes grupos, podemos conectarnos a distintos escritorios seg\u00fan la formaci\u00f3n o requisitos t\u00e9cnicos que necesitemos. El profesorado os informar\u00e1 en su debido momento. A\u00fan as\u00ed existe una conexi\u00f3n global llamada &#8220;OROKORRA&#8221;. Lo que debemos hacer es conectarnos a la siguiente Web y descargarnos el acceso directo &#8220;OROKORRA&#8221;<\/p>\n<p><a href=\"https:\/\/lantoki.zulaibar.net\/RDWeb\">https:\/\/lantoki.zulaibar.net\/RDWeb<\/a><\/p>\n<p>Para acceder utilizaremos el usuario y contrase\u00f1a que se nos ha proporcionado.<\/p>\n<p><img decoding=\"async\" loading=\"lazy\" class=\"wp-image-5530 size-large aligncenter\" src=\"https:\/\/www.zulaibar.net\/wp-content\/uploads\/2021\/09\/RDP-Download-Web-1024x703.png\" alt=\"RDP Download Web\" width=\"640\" height=\"439\" srcset=\"https:\/\/www.zulaibar.net\/wp-content\/uploads\/2021\/09\/RDP-Download-Web-1024x703.png 1024w, https:\/\/www.zulaibar.net\/wp-content\/uploads\/2021\/09\/RDP-Download-Web-300x206.png 300w, https:\/\/www.zulaibar.net\/wp-content\/uploads\/2021\/09\/RDP-Download-Web-768x528.png 768w, https:\/\/www.zulaibar.net\/wp-content\/uploads\/2021\/09\/RDP-Download-Web.png 1814w\" sizes=\"(max-width: 640px) 100vw, 640px\" \/><\/p>\n<p>Guarda el acceso directo &#8220;OROKORRA&#8221; en tu ordenador y ejec\u00fatalo cada vez que quieras conectar al equipo remoto.<span class=\"Apple-converted-space\">\u00a0\u00a0Al ejecutarlo abrir\u00e1 una conexi\u00f3n de escritorio remoto en la que tendr\u00e9is que introducir vuestro usuario y contrase\u00f1a.<\/span><\/p>\n<p><img decoding=\"async\" loading=\"lazy\" class=\"alignnone wp-image-5789\" src=\"https:\/\/www.zulaibar.net\/wp-content\/uploads\/2022\/09\/Captura-de-pantalla-2022-09-12-a-las-12.00.10.png\" alt=\"\" width=\"822\" height=\"668\" srcset=\"https:\/\/www.zulaibar.net\/wp-content\/uploads\/2022\/09\/Captura-de-pantalla-2022-09-12-a-las-12.00.10.png 1848w, https:\/\/www.zulaibar.net\/wp-content\/uploads\/2022\/09\/Captura-de-pantalla-2022-09-12-a-las-12.00.10-300x244.png 300w, https:\/\/www.zulaibar.net\/wp-content\/uploads\/2022\/09\/Captura-de-pantalla-2022-09-12-a-las-12.00.10-768x624.png 768w, https:\/\/www.zulaibar.net\/wp-content\/uploads\/2022\/09\/Captura-de-pantalla-2022-09-12-a-las-12.00.10-1024x832.png 1024w\" sizes=\"(max-width: 822px) 100vw, 822px\" \/><\/p>\n<p>Adem\u00e1s del acceso con el programa Escritorio Remoto del ordenador, podemos acceder a trav\u00e9s del\u00a0navegador Web. Esta opci\u00f3n es v\u00e1lida para trabajos ofim\u00e1ticos o para conectar en caso de que no tengamos\u00a0la posibilidad de usar el programa de Escritorio Remoto. Para programas de dise\u00f1o no es la mejor opci\u00f3n ya que la conexi\u00f3n puede no ser tan fluida pero para una emergencia es perfectamente v\u00e1lido.<\/p>\n<p><a href=\"https:\/\/lantoki.zulaibar.net\/RDWeb\/webclient\/\">https:\/\/lantoki.zulaibar.net\/RDWeb\/webclient<\/a><\/p>\n<p>&nbsp;<\/p>\n<p><img decoding=\"async\" loading=\"lazy\" class=\"aligncenter wp-image-5526 \" src=\"https:\/\/www.zulaibar.net\/wp-content\/uploads\/2021\/09\/RPD-Web-1024x627.png\" alt=\"RPD Web\" width=\"399\" height=\"244\" srcset=\"https:\/\/www.zulaibar.net\/wp-content\/uploads\/2021\/09\/RPD-Web-1024x627.png 1024w, https:\/\/www.zulaibar.net\/wp-content\/uploads\/2021\/09\/RPD-Web-300x184.png 300w, https:\/\/www.zulaibar.net\/wp-content\/uploads\/2021\/09\/RPD-Web-768x471.png 768w, https:\/\/www.zulaibar.net\/wp-content\/uploads\/2021\/09\/RPD-Web.png 1580w\" sizes=\"(max-width: 399px) 100vw, 399px\" \/><\/p>\n<p>Al introducir el usuario y contrase\u00f1a accedemos al siguiente entorno<\/p>\n<p><img decoding=\"async\" loading=\"lazy\" class=\"wp-image-5528 size-large aligncenter\" src=\"https:\/\/www.zulaibar.net\/wp-content\/uploads\/2021\/09\/RDP-Web-Detalle-1024x520.png\" alt=\"RDP Web Detalle\" width=\"640\" height=\"325\" srcset=\"https:\/\/www.zulaibar.net\/wp-content\/uploads\/2021\/09\/RDP-Web-Detalle-1024x520.png 1024w, https:\/\/www.zulaibar.net\/wp-content\/uploads\/2021\/09\/RDP-Web-Detalle-300x152.png 300w, https:\/\/www.zulaibar.net\/wp-content\/uploads\/2021\/09\/RDP-Web-Detalle-768x390.png 768w, https:\/\/www.zulaibar.net\/wp-content\/uploads\/2021\/09\/RDP-Web-Detalle.png 1130w\" sizes=\"(max-width: 640px) 100vw, 640px\" \/><\/p>\n<p>&nbsp;<\/p>\n<p>A trav\u00e9s del\u00a0icono de &#8220;Escritorio Remoto&#8221; se acceder\u00e1 directamente a nuestro escritorio. En cambio, CatiaV5R21, abrir\u00e1 el programa exclusivamente en una ventana dentro del navegador. Pueden aparecer m\u00e1s iconos\u00a0de este tipo si se publican m\u00e1s programas.<\/p>\n<p>&nbsp;<\/p>\n<h2>Windows 11 &#8220;Cargando m\u00e1quina virtual&#8221;<\/h2>\n<p>Se ha detectado que la versi\u00f3n de Windows 11 22H2 tiene un problema para conectar a trav\u00e9s de escritorio remoto desde fuera de Zulaibar. Es un problema reconocido por Microsoft y a la espera de una soluci\u00f3n, hay que ejecutar el siguiente archivo en el ordenador y reiniciarlo para solventar el problema.<\/p>\n<p><a href=\"https:\/\/intranet.zulaibar.net\/windows_11_rpd_fix.reg\u201d\">Parche Windows 11 RDP<\/a><\/p>\n<p>[\/vc_column_text][\/vc_column][\/vc_row]<\/p>\n","protected":false},"excerpt":{"rendered":"<p>[vc_row][vc_column][vc_column_text] Introducci\u00f3n El acceso a todos los recursos del centro est\u00e1n unificados con las credenciales [&hellip;]<\/p>\n","protected":false},"author":1,"featured_media":0,"parent":0,"menu_order":0,"comment_status":"closed","ping_status":"closed","template":"","meta":[],"yoast_head":"<!-- This site is optimized with the Yoast SEO plugin v20.5 - https:\/\/yoast.com\/wordpress\/plugins\/seo\/ -->\n<title>Tutorial de servicios inform\u00e1ticos - Zulaibar Arratiako Lanbide Ikastegia<\/title>\n<meta name=\"robots\" content=\"index, follow, max-snippet:-1, max-image-preview:large, max-video-preview:-1\" \/>\n<link rel=\"canonical\" href=\"https:\/\/www.zulaibar.net\/es\/tutorial-servicios-informaticos\/\" \/>\n<meta property=\"og:locale\" content=\"es_ES\" \/>\n<meta property=\"og:type\" content=\"article\" \/>\n<meta property=\"og:title\" content=\"Tutorial de servicios inform\u00e1ticos - Zulaibar Arratiako Lanbide Ikastegia\" \/>\n<meta property=\"og:description\" content=\"[vc_row][vc_column][vc_column_text] Introducci\u00f3n El acceso a todos los recursos del centro est\u00e1n unificados con las credenciales [&hellip;]\" \/>\n<meta property=\"og:url\" content=\"https:\/\/www.zulaibar.net\/es\/tutorial-servicios-informaticos\/\" \/>\n<meta property=\"og:site_name\" content=\"Zulaibar Arratiako Lanbide Ikastegia\" \/>\n<meta property=\"article:publisher\" content=\"https:\/\/www.facebook.com\/zulaibar.arratiakolanbideikastegia\" \/>\n<meta property=\"article:modified_time\" content=\"2023-01-20T08:58:15+00:00\" \/>\n<meta property=\"og:image\" content=\"https:\/\/www.zulaibar.net\/wp-content\/uploads\/2021\/09\/RDP-Download-Web-1024x703.png\" \/>\n<meta name=\"twitter:label1\" content=\"Tiempo de lectura\" \/>\n\t<meta name=\"twitter:data1\" content=\"2 minutos\" \/>\n<script type=\"application\/ld+json\" class=\"yoast-schema-graph\">{\"@context\":\"https:\/\/schema.org\",\"@graph\":[{\"@type\":\"WebPage\",\"@id\":\"https:\/\/www.zulaibar.net\/es\/tutorial-servicios-informaticos\/\",\"url\":\"https:\/\/www.zulaibar.net\/es\/tutorial-servicios-informaticos\/\",\"name\":\"Tutorial de servicios inform\u00e1ticos - Zulaibar Arratiako Lanbide Ikastegia\",\"isPartOf\":{\"@id\":\"https:\/\/www.zulaibar.net\/#website\"},\"datePublished\":\"2021-09-27T11:30:35+00:00\",\"dateModified\":\"2023-01-20T08:58:15+00:00\",\"breadcrumb\":{\"@id\":\"https:\/\/www.zulaibar.net\/es\/tutorial-servicios-informaticos\/#breadcrumb\"},\"inLanguage\":\"es\",\"potentialAction\":[{\"@type\":\"ReadAction\",\"target\":[\"https:\/\/www.zulaibar.net\/es\/tutorial-servicios-informaticos\/\"]}]},{\"@type\":\"BreadcrumbList\",\"@id\":\"https:\/\/www.zulaibar.net\/es\/tutorial-servicios-informaticos\/#breadcrumb\",\"itemListElement\":[{\"@type\":\"ListItem\",\"position\":1,\"name\":\"Portada\",\"item\":\"https:\/\/www.zulaibar.net\/es\/\"},{\"@type\":\"ListItem\",\"position\":2,\"name\":\"Tutorial de servicios inform\u00e1ticos\"}]},{\"@type\":\"WebSite\",\"@id\":\"https:\/\/www.zulaibar.net\/#website\",\"url\":\"https:\/\/www.zulaibar.net\/\",\"name\":\"Zulaibar Arratiako Lanbide Ikastegia\",\"description\":\"Zulaibar Arratiako Lanbide Ikastegiaren web gunea\",\"potentialAction\":[{\"@type\":\"SearchAction\",\"target\":{\"@type\":\"EntryPoint\",\"urlTemplate\":\"https:\/\/www.zulaibar.net\/?s={search_term_string}\"},\"query-input\":\"required name=search_term_string\"}],\"inLanguage\":\"es\"}]}<\/script>\n<!-- \/ Yoast SEO plugin. -->","yoast_head_json":{"title":"Tutorial de servicios inform\u00e1ticos - Zulaibar Arratiako Lanbide Ikastegia","robots":{"index":"index","follow":"follow","max-snippet":"max-snippet:-1","max-image-preview":"max-image-preview:large","max-video-preview":"max-video-preview:-1"},"canonical":"https:\/\/www.zulaibar.net\/es\/tutorial-servicios-informaticos\/","og_locale":"es_ES","og_type":"article","og_title":"Tutorial de servicios inform\u00e1ticos - Zulaibar Arratiako Lanbide Ikastegia","og_description":"[vc_row][vc_column][vc_column_text] Introducci\u00f3n El acceso a todos los recursos del centro est\u00e1n unificados con las credenciales [&hellip;]","og_url":"https:\/\/www.zulaibar.net\/es\/tutorial-servicios-informaticos\/","og_site_name":"Zulaibar Arratiako Lanbide Ikastegia","article_publisher":"https:\/\/www.facebook.com\/zulaibar.arratiakolanbideikastegia","article_modified_time":"2023-01-20T08:58:15+00:00","og_image":[{"url":"https:\/\/www.zulaibar.net\/wp-content\/uploads\/2021\/09\/RDP-Download-Web-1024x703.png"}],"twitter_misc":{"Tiempo de lectura":"2 minutos"},"schema":{"@context":"https:\/\/schema.org","@graph":[{"@type":"WebPage","@id":"https:\/\/www.zulaibar.net\/es\/tutorial-servicios-informaticos\/","url":"https:\/\/www.zulaibar.net\/es\/tutorial-servicios-informaticos\/","name":"Tutorial de servicios inform\u00e1ticos - Zulaibar Arratiako Lanbide Ikastegia","isPartOf":{"@id":"https:\/\/www.zulaibar.net\/#website"},"datePublished":"2021-09-27T11:30:35+00:00","dateModified":"2023-01-20T08:58:15+00:00","breadcrumb":{"@id":"https:\/\/www.zulaibar.net\/es\/tutorial-servicios-informaticos\/#breadcrumb"},"inLanguage":"es","potentialAction":[{"@type":"ReadAction","target":["https:\/\/www.zulaibar.net\/es\/tutorial-servicios-informaticos\/"]}]},{"@type":"BreadcrumbList","@id":"https:\/\/www.zulaibar.net\/es\/tutorial-servicios-informaticos\/#breadcrumb","itemListElement":[{"@type":"ListItem","position":1,"name":"Portada","item":"https:\/\/www.zulaibar.net\/es\/"},{"@type":"ListItem","position":2,"name":"Tutorial de servicios inform\u00e1ticos"}]},{"@type":"WebSite","@id":"https:\/\/www.zulaibar.net\/#website","url":"https:\/\/www.zulaibar.net\/","name":"Zulaibar Arratiako Lanbide Ikastegia","description":"Zulaibar Arratiako Lanbide Ikastegiaren web gunea","potentialAction":[{"@type":"SearchAction","target":{"@type":"EntryPoint","urlTemplate":"https:\/\/www.zulaibar.net\/?s={search_term_string}"},"query-input":"required name=search_term_string"}],"inLanguage":"es"}]}},"_links":{"self":[{"href":"https:\/\/www.zulaibar.net\/es\/wp-json\/wp\/v2\/pages\/5524"}],"collection":[{"href":"https:\/\/www.zulaibar.net\/es\/wp-json\/wp\/v2\/pages"}],"about":[{"href":"https:\/\/www.zulaibar.net\/es\/wp-json\/wp\/v2\/types\/page"}],"author":[{"embeddable":true,"href":"https:\/\/www.zulaibar.net\/es\/wp-json\/wp\/v2\/users\/1"}],"replies":[{"embeddable":true,"href":"https:\/\/www.zulaibar.net\/es\/wp-json\/wp\/v2\/comments?post=5524"}],"version-history":[{"count":27,"href":"https:\/\/www.zulaibar.net\/es\/wp-json\/wp\/v2\/pages\/5524\/revisions"}],"predecessor-version":[{"id":6313,"href":"https:\/\/www.zulaibar.net\/es\/wp-json\/wp\/v2\/pages\/5524\/revisions\/6313"}],"wp:attachment":[{"href":"https:\/\/www.zulaibar.net\/es\/wp-json\/wp\/v2\/media?parent=5524"}],"curies":[{"name":"wp","href":"https:\/\/api.w.org\/{rel}","templated":true}]}}