{"id":7067,"date":"2025-02-20T12:55:14","date_gmt":"2025-02-20T11:55:14","guid":{"rendered":"https:\/\/www.zulaibar.net\/?page_id=7067"},"modified":"2025-02-20T13:05:56","modified_gmt":"2025-02-20T12:05:56","slug":"proyecto-dualiza","status":"publish","type":"page","link":"https:\/\/www.zulaibar.net\/es\/proyecto-dualiza\/","title":{"rendered":"Proyecto Dualiza"},"content":{"rendered":"\t\t<div data-elementor-type=\"wp-page\" data-elementor-id=\"7067\" class=\"elementor elementor-7067\">\n\t\t\t\t\t\t\t\t\t<section class=\"elementor-section elementor-top-section elementor-element elementor-element-e56ad31 elementor-section-boxed elementor-section-height-default elementor-section-height-default\" data-id=\"e56ad31\" data-element_type=\"section\">\n\t\t\t\t\t\t<div class=\"elementor-container elementor-column-gap-default\">\n\t\t\t\t\t<div class=\"elementor-column elementor-col-100 elementor-top-column elementor-element elementor-element-658a648\" data-id=\"658a648\" data-element_type=\"column\">\n\t\t\t<div class=\"elementor-widget-wrap elementor-element-populated\">\n\t\t\t\t\t\t\t\t<div class=\"elementor-element elementor-element-1968625 elementor-widget elementor-widget-image\" data-id=\"1968625\" data-element_type=\"widget\" data-widget_type=\"image.default\">\n\t\t\t\t<div class=\"elementor-widget-container\">\n\t\t\t<style>\/*! elementor - v3.12.1 - 02-04-2023 *\/\n.elementor-widget-image{text-align:center}.elementor-widget-image a{display:inline-block}.elementor-widget-image a img[src$=\".svg\"]{width:48px}.elementor-widget-image img{vertical-align:middle;display:inline-block}<\/style>\t\t\t\t\t\t\t\t\t\t\t\t<img decoding=\"async\" width=\"640\" height=\"482\" src=\"https:\/\/www.zulaibar.net\/wp-content\/uploads\/2025\/02\/WhatsApp-Image-2024-12-02-at-07.18.53-1-1024x771.jpeg\" class=\"attachment-large size-large wp-image-7071\" alt=\"\" loading=\"lazy\" srcset=\"https:\/\/www.zulaibar.net\/wp-content\/uploads\/2025\/02\/WhatsApp-Image-2024-12-02-at-07.18.53-1-1024x771.jpeg 1024w, https:\/\/www.zulaibar.net\/wp-content\/uploads\/2025\/02\/WhatsApp-Image-2024-12-02-at-07.18.53-1-300x226.jpeg 300w, https:\/\/www.zulaibar.net\/wp-content\/uploads\/2025\/02\/WhatsApp-Image-2024-12-02-at-07.18.53-1-768x578.jpeg 768w, https:\/\/www.zulaibar.net\/wp-content\/uploads\/2025\/02\/WhatsApp-Image-2024-12-02-at-07.18.53-1-1536x1156.jpeg 1536w, https:\/\/www.zulaibar.net\/wp-content\/uploads\/2025\/02\/WhatsApp-Image-2024-12-02-at-07.18.53-1.jpeg 1600w\" sizes=\"(max-width: 640px) 100vw, 640px\" \/>\t\t\t\t\t\t\t\t\t\t\t\t\t\t\t<\/div>\n\t\t\t\t<\/div>\n\t\t\t\t\t<\/div>\n\t\t<\/div>\n\t\t\t\t\t\t\t<\/div>\n\t\t<\/section>\n\t\t\t\t<section class=\"elementor-section elementor-top-section elementor-element elementor-element-ef486af elementor-section-boxed elementor-section-height-default elementor-section-height-default\" data-id=\"ef486af\" data-element_type=\"section\">\n\t\t\t\t\t\t<div class=\"elementor-container elementor-column-gap-default\">\n\t\t\t\t\t<div class=\"elementor-column elementor-col-100 elementor-top-column elementor-element elementor-element-77e5b10\" data-id=\"77e5b10\" data-element_type=\"column\">\n\t\t\t<div class=\"elementor-widget-wrap elementor-element-populated\">\n\t\t\t\t\t\t\t\t<div class=\"elementor-element elementor-element-a15e3ab elementor-widget elementor-widget-heading\" data-id=\"a15e3ab\" data-element_type=\"widget\" data-widget_type=\"heading.default\">\n\t\t\t\t<div class=\"elementor-widget-container\">\n\t\t\t<style>\/*! elementor - v3.12.1 - 02-04-2023 *\/\n.elementor-heading-title{padding:0;margin:0;line-height:1}.elementor-widget-heading .elementor-heading-title[class*=elementor-size-]>a{color:inherit;font-size:inherit;line-height:inherit}.elementor-widget-heading .elementor-heading-title.elementor-size-small{font-size:15px}.elementor-widget-heading .elementor-heading-title.elementor-size-medium{font-size:19px}.elementor-widget-heading .elementor-heading-title.elementor-size-large{font-size:29px}.elementor-widget-heading .elementor-heading-title.elementor-size-xl{font-size:39px}.elementor-widget-heading .elementor-heading-title.elementor-size-xxl{font-size:59px}<\/style><h2 class=\"elementor-heading-title elementor-size-default\">El Centro Zulaibar impulsa un proyecto pionero para el Valle de Arratia<\/h2>\t\t<\/div>\n\t\t\t\t<\/div>\n\t\t\t\t\t<\/div>\n\t\t<\/div>\n\t\t\t\t\t\t\t<\/div>\n\t\t<\/section>\n\t\t\t\t<section class=\"elementor-section elementor-top-section elementor-element elementor-element-42d7b56 elementor-section-boxed elementor-section-height-default elementor-section-height-default\" data-id=\"42d7b56\" data-element_type=\"section\">\n\t\t\t\t\t\t<div class=\"elementor-container elementor-column-gap-default\">\n\t\t\t\t\t<div class=\"elementor-column elementor-col-100 elementor-top-column elementor-element elementor-element-4cf5b55\" data-id=\"4cf5b55\" data-element_type=\"column\">\n\t\t\t<div class=\"elementor-widget-wrap elementor-element-populated\">\n\t\t\t\t\t\t\t\t<div class=\"elementor-element elementor-element-af1c77c elementor-widget elementor-widget-text-editor\" data-id=\"af1c77c\" data-element_type=\"widget\" data-widget_type=\"text-editor.default\">\n\t\t\t\t<div class=\"elementor-widget-container\">\n\t\t\t<style>\/*! elementor - v3.12.1 - 02-04-2023 *\/\n.elementor-widget-text-editor.elementor-drop-cap-view-stacked .elementor-drop-cap{background-color:#69727d;color:#fff}.elementor-widget-text-editor.elementor-drop-cap-view-framed .elementor-drop-cap{color:#69727d;border:3px solid;background-color:transparent}.elementor-widget-text-editor:not(.elementor-drop-cap-view-default) .elementor-drop-cap{margin-top:8px}.elementor-widget-text-editor:not(.elementor-drop-cap-view-default) .elementor-drop-cap-letter{width:1em;height:1em}.elementor-widget-text-editor .elementor-drop-cap{float:left;text-align:center;line-height:1;font-size:50px}.elementor-widget-text-editor .elementor-drop-cap-letter{display:inline-block}<\/style>\t\t\t\t<p><strong>Innovaci\u00f3n educativa en el aula multisensorial: un reto interciclo que transforma la educaci\u00f3n y la comunidad<\/strong><\/p>\t\t\t\t\t\t<\/div>\n\t\t\t\t<\/div>\n\t\t\t\t\t<\/div>\n\t\t<\/div>\n\t\t\t\t\t\t\t<\/div>\n\t\t<\/section>\n\t\t\t\t<section class=\"elementor-section elementor-top-section elementor-element elementor-element-89de85b elementor-section-boxed elementor-section-height-default elementor-section-height-default\" data-id=\"89de85b\" data-element_type=\"section\">\n\t\t\t\t\t\t<div class=\"elementor-container elementor-column-gap-default\">\n\t\t\t\t\t<div class=\"elementor-column elementor-col-50 elementor-top-column elementor-element elementor-element-5ca55ef\" data-id=\"5ca55ef\" data-element_type=\"column\">\n\t\t\t<div class=\"elementor-widget-wrap elementor-element-populated\">\n\t\t\t\t\t\t\t\t<div class=\"elementor-element elementor-element-163256f elementor-widget elementor-widget-text-editor\" data-id=\"163256f\" data-element_type=\"widget\" data-widget_type=\"text-editor.default\">\n\t\t\t\t<div class=\"elementor-widget-container\">\n\t\t\t\t\t\t\t<p>En el marco de la <strong>VIII Convocatoria de Ayudas Dualiza 2024-2025<\/strong>, el Centro Zulaibar ha lanzado un ambicioso proyecto titulado &#8220;Innovaci\u00f3n Educativa en Aula Multisensorial: Un Reto Interciclo y Social&#8221;, con el respaldo de CaixaBank Dualiza y FPEmpresa. Esta iniciativa no solo busca fomentar la innovaci\u00f3n educativa, sino tambi\u00e9n generar un impacto directo en la comunidad del Valle de Arratia al atender a colectivos vulnerables como ni\u00f1os con necesidades educativas especiales (NEE) y con discapacidad.<\/p><h3><strong>Un aula multisensorial para transformar vidas<\/strong><\/h3><p>El aula multisensorial del Centro Zulaibar se convierte en el epicentro de esta transformaci\u00f3n, ofreciendo un espacio inclusivo y tecnol\u00f3gicamente avanzado donde estudiantes de diversos ciclos formativos colaboran en dise\u00f1ar y desarrollar materiales y actividades adaptadas a las necesidades de los usuarios.<\/p><p>Mediante una metodolog\u00eda basada en retos, los ciclos de <strong>Atenci\u00f3n a Personas en Situaci\u00f3n de Dependencia (APSD)<\/strong>, <strong>Integraci\u00f3n Social<\/strong>, <strong>Automatizaci\u00f3n y Rob\u00f3tica Industrial (ARI)<\/strong> y <strong>Dise\u00f1o en Fabricaci\u00f3n Mec\u00e1nica (DFM)<\/strong> trabajan en sinergia. Mientras los estudiantes de APSD e Integraci\u00f3n Social identifican necesidades y dise\u00f1an actividades, los de ARI y DFM desarrollan soluciones tecnol\u00f3gicas personalizadas que potencian la experiencia multisensorial.<\/p><h3><strong>Beneficios educativos y sociales<\/strong><\/h3><p>Con un total de <strong>124 estudiantes beneficiarios directos<\/strong>, de los cuales <strong>112 est\u00e1n en modalidad dual general<\/strong> y <strong>12 en modalidad dual intensiva<\/strong>, este proyecto representa una oportunidad \u00fanica para conectar la educaci\u00f3n con el mundo real. Los estudiantes adquieren competencias t\u00e9cnicas y transversales clave, como el trabajo en equipo, la comunicaci\u00f3n efectiva y la resoluci\u00f3n de problemas, mientras que la comunidad local se beneficia de un recurso inclusivo que no exist\u00eda en la comarca.<\/p><h3><strong>Una colaboraci\u00f3n que rompe barreras<\/strong><\/h3><p>El proyecto tambi\u00e9n destaca por su capacidad de unir esfuerzos entre entidades. La colaboraci\u00f3n con la Escuela P\u00fablica de Igorre permite una intervenci\u00f3n educativa directa con su alumnado NEE, mientras que empresas tecnol\u00f3gicas y consultoras aportan formaci\u00f3n especializada y apoyo en la implementaci\u00f3n de soluciones. Esta red de colaboraci\u00f3n asegura que las soluciones desarrolladas sean innovadoras, sostenibles y replicables.<\/p>\t\t\t\t\t\t<\/div>\n\t\t\t\t<\/div>\n\t\t\t\t\t<\/div>\n\t\t<\/div>\n\t\t\t\t<div class=\"elementor-column elementor-col-50 elementor-top-column elementor-element elementor-element-6b3ef10\" data-id=\"6b3ef10\" data-element_type=\"column\">\n\t\t\t<div class=\"elementor-widget-wrap elementor-element-populated\">\n\t\t\t\t\t\t\t\t<div class=\"elementor-element elementor-element-208aecf elementor-widget elementor-widget-text-editor\" data-id=\"208aecf\" data-element_type=\"widget\" data-widget_type=\"text-editor.default\">\n\t\t\t\t<div class=\"elementor-widget-container\">\n\t\t\t\t\t\t\t<h3><strong>Impacto en los Objetivos de Desarrollo Sostenible<\/strong><\/h3><p>El proyecto est\u00e1 alineado con los Objetivos de Desarrollo Sostenible (ODS), particularmente con:<\/p><ul><li><strong>Educaci\u00f3n de calidad (ODS 4)<\/strong>: Fomenta competencias t\u00e9cnicas y transversales que mejoran la empleabilidad del alumnado.<\/li><li><strong>Industria, innovaci\u00f3n e infraestructura (ODS 9)<\/strong>: Desarrolla soluciones tecnol\u00f3gicas inclusivas que promueven una industrializaci\u00f3n sostenible.<\/li><li><strong>Reducci\u00f3n de las desigualdades (ODS 10)<\/strong>: Garantiza igualdad de oportunidades para colectivos vulnerables.<\/li><\/ul><h3><strong>Una apuesta por la sostenibilidad y la replicabilidad<\/strong><\/h3><p>El compromiso del Centro Zulaibar con este proyecto asegura su sostenibilidad a largo plazo. La inversi\u00f3n en recursos propios, el apoyo de instituciones y la creaci\u00f3n de redes colaborativas como Hetel y EBI facilitan la transferibilidad del modelo a otros centros y comunidades.<\/p><h3><strong>Reconocimiento a los apoyos y difusi\u00f3n del proyecto<\/strong><\/h3><p>Desde el Centro Zulaibar queremos agradecer el apoyo recibido por <strong>CaixaBank Dualiza<\/strong> y <strong>FPEmpresa<\/strong>, que han permitido hacer realidad esta iniciativa transformadora. Su respaldo nos ha brindado la oportunidad de llevar a cabo un proyecto que impacta tanto en la formaci\u00f3n del alumnado como en la mejora de nuestra comunidad.<\/p><p>Nos complace compartir los avances y resultados a trav\u00e9s de nuestras redes sociales, medios de comunicaci\u00f3n y eventos, para que este proyecto inspire a otras instituciones a replicar modelos educativos inclusivos y colaborativos.<\/p><p>Este proyecto no solo reafirma al Centro Zulaibar como un referente en innovaci\u00f3n educativa, sino que tambi\u00e9n refuerza su papel como agente de cambio social en el Valle de Arratia, contribuyendo a construir una comunidad m\u00e1s inclusiva y equitativa.<\/p>\t\t\t\t\t\t<\/div>\n\t\t\t\t<\/div>\n\t\t\t\t\t<\/div>\n\t\t<\/div>\n\t\t\t\t\t\t\t<\/div>\n\t\t<\/section>\n\t\t\t\t<section class=\"elementor-section elementor-top-section elementor-element elementor-element-69f5a99 elementor-section-boxed elementor-section-height-default elementor-section-height-default\" data-id=\"69f5a99\" data-element_type=\"section\">\n\t\t\t\t\t\t<div class=\"elementor-container elementor-column-gap-default\">\n\t\t\t\t\t<div class=\"elementor-column elementor-col-100 elementor-top-column elementor-element elementor-element-4895620\" data-id=\"4895620\" data-element_type=\"column\">\n\t\t\t<div class=\"elementor-widget-wrap elementor-element-populated\">\n\t\t\t\t\t\t\t\t<div class=\"elementor-element elementor-element-f421444 elementor-widget elementor-widget-image-gallery\" data-id=\"f421444\" data-element_type=\"widget\" data-widget_type=\"image-gallery.default\">\n\t\t\t\t<div class=\"elementor-widget-container\">\n\t\t\t<style>\/*! elementor - v3.12.1 - 02-04-2023 *\/\n.elementor-image-gallery .gallery-item{display:inline-block;text-align:center;vertical-align:top;width:100%;max-width:100%;margin:0 auto}.elementor-image-gallery .gallery-item img{margin:0 auto}.elementor-image-gallery .gallery-item .gallery-caption{margin:0}.elementor-image-gallery figure img{display:block}.elementor-image-gallery figure figcaption{width:100%}.gallery-spacing-custom .elementor-image-gallery .gallery-icon{padding:0}@media (min-width:768px){.elementor-image-gallery .gallery-columns-2 .gallery-item{max-width:50%}.elementor-image-gallery .gallery-columns-3 .gallery-item{max-width:33.33%}.elementor-image-gallery .gallery-columns-4 .gallery-item{max-width:25%}.elementor-image-gallery .gallery-columns-5 .gallery-item{max-width:20%}.elementor-image-gallery .gallery-columns-6 .gallery-item{max-width:16.666%}.elementor-image-gallery .gallery-columns-7 .gallery-item{max-width:14.28%}.elementor-image-gallery .gallery-columns-8 .gallery-item{max-width:12.5%}.elementor-image-gallery .gallery-columns-9 .gallery-item{max-width:11.11%}.elementor-image-gallery .gallery-columns-10 .gallery-item{max-width:10%}}@media (min-width:480px) and (max-width:767px){.elementor-image-gallery .gallery.gallery-columns-2 .gallery-item,.elementor-image-gallery .gallery.gallery-columns-3 .gallery-item,.elementor-image-gallery .gallery.gallery-columns-4 .gallery-item,.elementor-image-gallery .gallery.gallery-columns-5 .gallery-item,.elementor-image-gallery .gallery.gallery-columns-6 .gallery-item,.elementor-image-gallery .gallery.gallery-columns-7 .gallery-item,.elementor-image-gallery .gallery.gallery-columns-8 .gallery-item,.elementor-image-gallery .gallery.gallery-columns-9 .gallery-item,.elementor-image-gallery .gallery.gallery-columns-10 .gallery-item{max-width:50%}}@media (max-width:479px){.elementor-image-gallery .gallery.gallery-columns-2 .gallery-item,.elementor-image-gallery .gallery.gallery-columns-3 .gallery-item,.elementor-image-gallery .gallery.gallery-columns-4 .gallery-item,.elementor-image-gallery .gallery.gallery-columns-5 .gallery-item,.elementor-image-gallery .gallery.gallery-columns-6 .gallery-item,.elementor-image-gallery .gallery.gallery-columns-7 .gallery-item,.elementor-image-gallery .gallery.gallery-columns-8 .gallery-item,.elementor-image-gallery .gallery.gallery-columns-9 .gallery-item,.elementor-image-gallery .gallery.gallery-columns-10 .gallery-item{max-width:100%}}<\/style>\t\t<div class=\"elementor-image-gallery\">\n\t\t\t<div id='gallery-1' class='gallery galleryid-7067 gallery-columns-3 gallery-size-thumbnail'><figure class='gallery-item'>\n\t\t\t<div class='gallery-icon landscape'>\n\t\t\t\t<a data-elementor-open-lightbox=\"yes\" data-elementor-lightbox-slideshow=\"f421444\" data-elementor-lightbox-title=\"Image (2) (2)\" data-e-action-hash=\"#elementor-action%3Aaction%3Dlightbox%26settings%3DeyJpZCI6NzA0MSwidXJsIjoiaHR0cHM6XC9cL3d3dy56dWxhaWJhci5uZXRcL3dwLWNvbnRlbnRcL3VwbG9hZHNcLzIwMjVcLzAyXC9JbWFnZS0yLTItc2NhbGVkLmpwZWciLCJzbGlkZXNob3ciOiJmNDIxNDQ0In0%3D\" href='https:\/\/www.zulaibar.net\/wp-content\/uploads\/2025\/02\/Image-2-2-scaled.jpeg'><img width=\"150\" height=\"150\" src=\"https:\/\/www.zulaibar.net\/wp-content\/uploads\/2025\/02\/Image-2-2-150x150.jpeg\" class=\"attachment-thumbnail size-thumbnail\" alt=\"\" decoding=\"async\" loading=\"lazy\" \/><\/a>\n\t\t\t<\/div><\/figure><figure class='gallery-item'>\n\t\t\t<div class='gallery-icon portrait'>\n\t\t\t\t<a data-elementor-open-lightbox=\"yes\" data-elementor-lightbox-slideshow=\"f421444\" data-elementor-lightbox-title=\"shared image\" data-e-action-hash=\"#elementor-action%3Aaction%3Dlightbox%26settings%3DeyJpZCI6NzA0MywidXJsIjoiaHR0cHM6XC9cL3d3dy56dWxhaWJhci5uZXRcL3dwLWNvbnRlbnRcL3VwbG9hZHNcLzIwMjVcLzAyXC9zaGFyZWQtaW1hZ2UuanBlZyIsInNsaWRlc2hvdyI6ImY0MjE0NDQifQ%3D%3D\" href='https:\/\/www.zulaibar.net\/wp-content\/uploads\/2025\/02\/shared-image.jpeg'><img width=\"150\" height=\"150\" src=\"https:\/\/www.zulaibar.net\/wp-content\/uploads\/2025\/02\/shared-image-150x150.jpeg\" class=\"attachment-thumbnail size-thumbnail\" alt=\"\" decoding=\"async\" loading=\"lazy\" \/><\/a>\n\t\t\t<\/div><\/figure><figure class='gallery-item'>\n\t\t\t<div class='gallery-icon landscape'>\n\t\t\t\t<a data-elementor-open-lightbox=\"yes\" data-elementor-lightbox-slideshow=\"f421444\" data-elementor-lightbox-title=\"Image (1) (1)\" data-e-action-hash=\"#elementor-action%3Aaction%3Dlightbox%26settings%3DeyJpZCI6NzA0NSwidXJsIjoiaHR0cHM6XC9cL3d3dy56dWxhaWJhci5uZXRcL3dwLWNvbnRlbnRcL3VwbG9hZHNcLzIwMjVcLzAyXC9JbWFnZS0xLTEtc2NhbGVkLmpwZWciLCJzbGlkZXNob3ciOiJmNDIxNDQ0In0%3D\" href='https:\/\/www.zulaibar.net\/wp-content\/uploads\/2025\/02\/Image-1-1-scaled.jpeg'><img width=\"150\" height=\"150\" src=\"https:\/\/www.zulaibar.net\/wp-content\/uploads\/2025\/02\/Image-1-1-150x150.jpeg\" class=\"attachment-thumbnail size-thumbnail\" alt=\"\" decoding=\"async\" loading=\"lazy\" \/><\/a>\n\t\t\t<\/div><\/figure>\n\t\t<\/div>\n\t\t<\/div>\n\t\t\t\t<\/div>\n\t\t\t\t<\/div>\n\t\t\t\t\t<\/div>\n\t\t<\/div>\n\t\t\t\t\t\t\t<\/div>\n\t\t<\/section>\n\t\t\t\t\t\t\t<\/div>\n\t\t","protected":false},"excerpt":{"rendered":"<p>El Centro Zulaibar impulsa un proyecto pionero para el Valle de Arratia Innovaci\u00f3n educativa en [&hellip;]<\/p>\n","protected":false},"author":1,"featured_media":0,"parent":0,"menu_order":0,"comment_status":"closed","ping_status":"closed","template":"","meta":[],"yoast_head":"<!-- This site is optimized with the Yoast SEO plugin v20.5 - https:\/\/yoast.com\/wordpress\/plugins\/seo\/ -->\n<title>Proyecto Dualiza - Zulaibar Arratiako Lanbide Ikastegia<\/title>\n<meta name=\"robots\" content=\"index, follow, max-snippet:-1, max-image-preview:large, max-video-preview:-1\" \/>\n<link rel=\"canonical\" href=\"https:\/\/www.zulaibar.net\/es\/proyecto-dualiza\/\" \/>\n<meta property=\"og:locale\" content=\"es_ES\" \/>\n<meta property=\"og:type\" content=\"article\" \/>\n<meta property=\"og:title\" content=\"Proyecto Dualiza - Zulaibar Arratiako Lanbide Ikastegia\" \/>\n<meta property=\"og:description\" content=\"El Centro Zulaibar impulsa un proyecto pionero para el Valle de Arratia Innovaci\u00f3n educativa en [&hellip;]\" \/>\n<meta property=\"og:url\" content=\"https:\/\/www.zulaibar.net\/es\/proyecto-dualiza\/\" \/>\n<meta property=\"og:site_name\" content=\"Zulaibar Arratiako Lanbide Ikastegia\" \/>\n<meta property=\"article:publisher\" content=\"https:\/\/www.facebook.com\/zulaibar.arratiakolanbideikastegia\" \/>\n<meta property=\"article:modified_time\" content=\"2025-02-20T12:05:56+00:00\" \/>\n<meta property=\"og:image\" content=\"https:\/\/www.zulaibar.net\/wp-content\/uploads\/2025\/02\/WhatsApp-Image-2024-12-02-at-07.18.53-1-1024x771.jpeg\" \/>\n<meta name=\"twitter:label1\" content=\"Tiempo de lectura\" \/>\n\t<meta name=\"twitter:data1\" content=\"4 minutos\" \/>\n<script type=\"application\/ld+json\" class=\"yoast-schema-graph\">{\"@context\":\"https:\/\/schema.org\",\"@graph\":[{\"@type\":\"WebPage\",\"@id\":\"https:\/\/www.zulaibar.net\/es\/proyecto-dualiza\/\",\"url\":\"https:\/\/www.zulaibar.net\/es\/proyecto-dualiza\/\",\"name\":\"Proyecto Dualiza - Zulaibar Arratiako Lanbide Ikastegia\",\"isPartOf\":{\"@id\":\"https:\/\/www.zulaibar.net\/#website\"},\"datePublished\":\"2025-02-20T11:55:14+00:00\",\"dateModified\":\"2025-02-20T12:05:56+00:00\",\"breadcrumb\":{\"@id\":\"https:\/\/www.zulaibar.net\/es\/proyecto-dualiza\/#breadcrumb\"},\"inLanguage\":\"es\",\"potentialAction\":[{\"@type\":\"ReadAction\",\"target\":[\"https:\/\/www.zulaibar.net\/es\/proyecto-dualiza\/\"]}]},{\"@type\":\"BreadcrumbList\",\"@id\":\"https:\/\/www.zulaibar.net\/es\/proyecto-dualiza\/#breadcrumb\",\"itemListElement\":[{\"@type\":\"ListItem\",\"position\":1,\"name\":\"Portada\",\"item\":\"https:\/\/www.zulaibar.net\/es\/\"},{\"@type\":\"ListItem\",\"position\":2,\"name\":\"Proyecto Dualiza\"}]},{\"@type\":\"WebSite\",\"@id\":\"https:\/\/www.zulaibar.net\/#website\",\"url\":\"https:\/\/www.zulaibar.net\/\",\"name\":\"Zulaibar Arratiako Lanbide Ikastegia\",\"description\":\"Zulaibar Arratiako Lanbide Ikastegiaren web gunea\",\"potentialAction\":[{\"@type\":\"SearchAction\",\"target\":{\"@type\":\"EntryPoint\",\"urlTemplate\":\"https:\/\/www.zulaibar.net\/?s={search_term_string}\"},\"query-input\":\"required name=search_term_string\"}],\"inLanguage\":\"es\"}]}<\/script>\n<!-- \/ Yoast SEO plugin. -->","yoast_head_json":{"title":"Proyecto Dualiza - Zulaibar Arratiako Lanbide Ikastegia","robots":{"index":"index","follow":"follow","max-snippet":"max-snippet:-1","max-image-preview":"max-image-preview:large","max-video-preview":"max-video-preview:-1"},"canonical":"https:\/\/www.zulaibar.net\/es\/proyecto-dualiza\/","og_locale":"es_ES","og_type":"article","og_title":"Proyecto Dualiza - Zulaibar Arratiako Lanbide Ikastegia","og_description":"El Centro Zulaibar impulsa un proyecto pionero para el Valle de Arratia Innovaci\u00f3n educativa en [&hellip;]","og_url":"https:\/\/www.zulaibar.net\/es\/proyecto-dualiza\/","og_site_name":"Zulaibar Arratiako Lanbide Ikastegia","article_publisher":"https:\/\/www.facebook.com\/zulaibar.arratiakolanbideikastegia","article_modified_time":"2025-02-20T12:05:56+00:00","og_image":[{"url":"https:\/\/www.zulaibar.net\/wp-content\/uploads\/2025\/02\/WhatsApp-Image-2024-12-02-at-07.18.53-1-1024x771.jpeg"}],"twitter_misc":{"Tiempo de lectura":"4 minutos"},"schema":{"@context":"https:\/\/schema.org","@graph":[{"@type":"WebPage","@id":"https:\/\/www.zulaibar.net\/es\/proyecto-dualiza\/","url":"https:\/\/www.zulaibar.net\/es\/proyecto-dualiza\/","name":"Proyecto Dualiza - Zulaibar Arratiako Lanbide Ikastegia","isPartOf":{"@id":"https:\/\/www.zulaibar.net\/#website"},"datePublished":"2025-02-20T11:55:14+00:00","dateModified":"2025-02-20T12:05:56+00:00","breadcrumb":{"@id":"https:\/\/www.zulaibar.net\/es\/proyecto-dualiza\/#breadcrumb"},"inLanguage":"es","potentialAction":[{"@type":"ReadAction","target":["https:\/\/www.zulaibar.net\/es\/proyecto-dualiza\/"]}]},{"@type":"BreadcrumbList","@id":"https:\/\/www.zulaibar.net\/es\/proyecto-dualiza\/#breadcrumb","itemListElement":[{"@type":"ListItem","position":1,"name":"Portada","item":"https:\/\/www.zulaibar.net\/es\/"},{"@type":"ListItem","position":2,"name":"Proyecto Dualiza"}]},{"@type":"WebSite","@id":"https:\/\/www.zulaibar.net\/#website","url":"https:\/\/www.zulaibar.net\/","name":"Zulaibar Arratiako Lanbide Ikastegia","description":"Zulaibar Arratiako Lanbide Ikastegiaren web gunea","potentialAction":[{"@type":"SearchAction","target":{"@type":"EntryPoint","urlTemplate":"https:\/\/www.zulaibar.net\/?s={search_term_string}"},"query-input":"required name=search_term_string"}],"inLanguage":"es"}]}},"_links":{"self":[{"href":"https:\/\/www.zulaibar.net\/es\/wp-json\/wp\/v2\/pages\/7067"}],"collection":[{"href":"https:\/\/www.zulaibar.net\/es\/wp-json\/wp\/v2\/pages"}],"about":[{"href":"https:\/\/www.zulaibar.net\/es\/wp-json\/wp\/v2\/types\/page"}],"author":[{"embeddable":true,"href":"https:\/\/www.zulaibar.net\/es\/wp-json\/wp\/v2\/users\/1"}],"replies":[{"embeddable":true,"href":"https:\/\/www.zulaibar.net\/es\/wp-json\/wp\/v2\/comments?post=7067"}],"version-history":[{"count":3,"href":"https:\/\/www.zulaibar.net\/es\/wp-json\/wp\/v2\/pages\/7067\/revisions"}],"predecessor-version":[{"id":7075,"href":"https:\/\/www.zulaibar.net\/es\/wp-json\/wp\/v2\/pages\/7067\/revisions\/7075"}],"wp:attachment":[{"href":"https:\/\/www.zulaibar.net\/es\/wp-json\/wp\/v2\/media?parent=7067"}],"curies":[{"name":"wp","href":"https:\/\/api.w.org\/{rel}","templated":true}]}}