{"id":7090,"date":"2025-04-01T14:47:39","date_gmt":"2025-04-01T13:47:39","guid":{"rendered":"https:\/\/www.zulaibar.net\/?page_id=7090"},"modified":"2025-04-01T14:56:36","modified_gmt":"2025-04-01T13:56:36","slug":"canal-etico","status":"publish","type":"page","link":"https:\/\/www.zulaibar.net\/es\/canal-etico\/","title":{"rendered":"Canal \u00e9tico"},"content":{"rendered":"\t\t<div data-elementor-type=\"wp-page\" data-elementor-id=\"7090\" class=\"elementor elementor-7090\">\n\t\t\t\t\t\t\t\t\t<section class=\"elementor-section elementor-top-section elementor-element elementor-element-79481ba7 elementor-section-boxed elementor-section-height-default elementor-section-height-default\" data-id=\"79481ba7\" data-element_type=\"section\">\n\t\t\t\t\t\t<div class=\"elementor-container elementor-column-gap-default\">\n\t\t\t\t\t<div class=\"elementor-column elementor-col-100 elementor-top-column elementor-element elementor-element-258f032b\" data-id=\"258f032b\" data-element_type=\"column\">\n\t\t\t<div class=\"elementor-widget-wrap elementor-element-populated\">\n\t\t\t\t\t\t\t\t<div class=\"elementor-element elementor-element-4b6ce52a elementor-widget elementor-widget-text-editor\" data-id=\"4b6ce52a\" data-element_type=\"widget\" data-widget_type=\"text-editor.default\">\n\t\t\t\t<div class=\"elementor-widget-container\">\n\t\t\t<style>\/*! elementor - v3.12.1 - 02-04-2023 *\/\n.elementor-widget-text-editor.elementor-drop-cap-view-stacked .elementor-drop-cap{background-color:#69727d;color:#fff}.elementor-widget-text-editor.elementor-drop-cap-view-framed .elementor-drop-cap{color:#69727d;border:3px solid;background-color:transparent}.elementor-widget-text-editor:not(.elementor-drop-cap-view-default) .elementor-drop-cap{margin-top:8px}.elementor-widget-text-editor:not(.elementor-drop-cap-view-default) .elementor-drop-cap-letter{width:1em;height:1em}.elementor-widget-text-editor .elementor-drop-cap{float:left;text-align:center;line-height:1;font-size:50px}.elementor-widget-text-editor .elementor-drop-cap-letter{display:inline-block}<\/style>\t\t\t\t<h1>Canal \u00e9tico Zulaibar<\/h1><p>El 14 de enero de 2025, Zulaibar Arratiako Lanbide Ikastegia se adhiri\u00f3 formal y voluntariamente al C\u00f3digo de Prevenci\u00f3n de Riesgos Penales de la Di\u00f3cesis de Bilbao, asumiendo como propio el contenido de dicho documento, y adquiriendo un compromiso real y firme de \u00abhacer las cosas bien\u00bb en todos los \u00e1mbitos de su actividad.<\/p><p>Con el \u00e1nimo de fomentar la transparencia y la mejora continua, Zulaibar Arratiako Lanbide Ikastegia pone a su disposici\u00f3n un sistema interno de informaci\u00f3n, a trav\u00e9s del cual Ud. podr\u00e1 poner en nuestro conocimiento cualquier situaci\u00f3n o conducta contraria a lo dispuesto en el C\u00f3digo de Prevenci\u00f3n de Riesgos Penales. Toda la informaci\u00f3n que se reciba ser\u00e1 tratada bajo la m\u00e1s estricta confidencialidad.<\/p><p>Las v\u00edas de comunicaci\u00f3n son las siguientes:<\/p><p>Director de Zulaibar: <a href=\"mailto:zuzendaritza@zulaibar.net\">zuzendaritza@zulaibar.net<\/a><br \/>Secretario General de la Di\u00f3cesis de Bilbao: <a href=\"mailto:compliance@bizkeliza.org\">compliance@bizkeliza.org<\/a><br \/>Canal \u00c9tico de la Di\u00f3cesis Bilbao, siendo la persona gestora del mismo el Secretario General de la Di\u00f3cesis de Bilbao. En este caso, si lo desea, podr\u00e1 facilitar la informaci\u00f3n de manera an\u00f3nima.<\/p><p><a href=\"https:\/\/transparencia.bizkeliza.org\/hacer-bien\/\">Canal \u00e9tico Di\u00f3cesis de Bilbao<\/a><\/p><p>Informaci\u00f3n\/Documentos:<\/p><ul><li>Adhesi\u00f3n del Centro al C\u00f3digo de Prevenci\u00f3n de Riesgos Penales de la Di\u00f3cesis de Bilbao<\/li><li>C\u00f3digo de Centro<\/li><li><a href=\"https:\/\/www.zulaibar.net\/wp-content\/uploads\/2025\/04\/Protocolo_Canal_Etico_Zulaibar.pdf\">Protocolo de Centro<\/a><\/li><\/ul>\t\t\t\t\t\t<\/div>\n\t\t\t\t<\/div>\n\t\t\t\t\t<\/div>\n\t\t<\/div>\n\t\t\t\t\t\t\t<\/div>\n\t\t<\/section>\n\t\t\t\t\t\t\t<\/div>\n\t\t","protected":false},"excerpt":{"rendered":"<p>Canal \u00e9tico Zulaibar El 14 de enero de 2025, Zulaibar Arratiako Lanbide Ikastegia se adhiri\u00f3 [&hellip;]<\/p>\n","protected":false},"author":1,"featured_media":0,"parent":0,"menu_order":0,"comment_status":"closed","ping_status":"closed","template":"","meta":[],"yoast_head":"<!-- This site is optimized with the Yoast SEO plugin v20.5 - https:\/\/yoast.com\/wordpress\/plugins\/seo\/ -->\n<title>Canal \u00e9tico - Zulaibar Arratiako Lanbide Ikastegia<\/title>\n<meta name=\"robots\" content=\"index, follow, max-snippet:-1, max-image-preview:large, max-video-preview:-1\" \/>\n<link rel=\"canonical\" href=\"https:\/\/www.zulaibar.net\/es\/canal-etico\/\" \/>\n<meta property=\"og:locale\" content=\"es_ES\" \/>\n<meta property=\"og:type\" content=\"article\" \/>\n<meta property=\"og:title\" content=\"Canal \u00e9tico - Zulaibar Arratiako Lanbide Ikastegia\" \/>\n<meta property=\"og:description\" content=\"Canal \u00e9tico Zulaibar El 14 de enero de 2025, Zulaibar Arratiako Lanbide Ikastegia se adhiri\u00f3 [&hellip;]\" \/>\n<meta property=\"og:url\" content=\"https:\/\/www.zulaibar.net\/es\/canal-etico\/\" \/>\n<meta property=\"og:site_name\" content=\"Zulaibar Arratiako Lanbide Ikastegia\" \/>\n<meta property=\"article:publisher\" content=\"https:\/\/www.facebook.com\/zulaibar.arratiakolanbideikastegia\" \/>\n<meta property=\"article:modified_time\" content=\"2025-04-01T13:56:36+00:00\" \/>\n<meta name=\"twitter:label1\" content=\"Tiempo de lectura\" \/>\n\t<meta name=\"twitter:data1\" content=\"1 minuto\" \/>\n<script type=\"application\/ld+json\" class=\"yoast-schema-graph\">{\"@context\":\"https:\/\/schema.org\",\"@graph\":[{\"@type\":\"WebPage\",\"@id\":\"https:\/\/www.zulaibar.net\/es\/canal-etico\/\",\"url\":\"https:\/\/www.zulaibar.net\/es\/canal-etico\/\",\"name\":\"Canal \u00e9tico - Zulaibar Arratiako Lanbide Ikastegia\",\"isPartOf\":{\"@id\":\"https:\/\/www.zulaibar.net\/#website\"},\"datePublished\":\"2025-04-01T13:47:39+00:00\",\"dateModified\":\"2025-04-01T13:56:36+00:00\",\"breadcrumb\":{\"@id\":\"https:\/\/www.zulaibar.net\/es\/canal-etico\/#breadcrumb\"},\"inLanguage\":\"es\",\"potentialAction\":[{\"@type\":\"ReadAction\",\"target\":[\"https:\/\/www.zulaibar.net\/es\/canal-etico\/\"]}]},{\"@type\":\"BreadcrumbList\",\"@id\":\"https:\/\/www.zulaibar.net\/es\/canal-etico\/#breadcrumb\",\"itemListElement\":[{\"@type\":\"ListItem\",\"position\":1,\"name\":\"Portada\",\"item\":\"https:\/\/www.zulaibar.net\/es\/\"},{\"@type\":\"ListItem\",\"position\":2,\"name\":\"Canal \u00e9tico\"}]},{\"@type\":\"WebSite\",\"@id\":\"https:\/\/www.zulaibar.net\/#website\",\"url\":\"https:\/\/www.zulaibar.net\/\",\"name\":\"Zulaibar Arratiako Lanbide Ikastegia\",\"description\":\"Zulaibar Arratiako Lanbide Ikastegiaren web gunea\",\"potentialAction\":[{\"@type\":\"SearchAction\",\"target\":{\"@type\":\"EntryPoint\",\"urlTemplate\":\"https:\/\/www.zulaibar.net\/?s={search_term_string}\"},\"query-input\":\"required name=search_term_string\"}],\"inLanguage\":\"es\"}]}<\/script>\n<!-- \/ Yoast SEO plugin. -->","yoast_head_json":{"title":"Canal \u00e9tico - Zulaibar Arratiako Lanbide Ikastegia","robots":{"index":"index","follow":"follow","max-snippet":"max-snippet:-1","max-image-preview":"max-image-preview:large","max-video-preview":"max-video-preview:-1"},"canonical":"https:\/\/www.zulaibar.net\/es\/canal-etico\/","og_locale":"es_ES","og_type":"article","og_title":"Canal \u00e9tico - Zulaibar Arratiako Lanbide Ikastegia","og_description":"Canal \u00e9tico Zulaibar El 14 de enero de 2025, Zulaibar Arratiako Lanbide Ikastegia se adhiri\u00f3 [&hellip;]","og_url":"https:\/\/www.zulaibar.net\/es\/canal-etico\/","og_site_name":"Zulaibar Arratiako Lanbide Ikastegia","article_publisher":"https:\/\/www.facebook.com\/zulaibar.arratiakolanbideikastegia","article_modified_time":"2025-04-01T13:56:36+00:00","twitter_misc":{"Tiempo de lectura":"1 minuto"},"schema":{"@context":"https:\/\/schema.org","@graph":[{"@type":"WebPage","@id":"https:\/\/www.zulaibar.net\/es\/canal-etico\/","url":"https:\/\/www.zulaibar.net\/es\/canal-etico\/","name":"Canal \u00e9tico - Zulaibar Arratiako Lanbide Ikastegia","isPartOf":{"@id":"https:\/\/www.zulaibar.net\/#website"},"datePublished":"2025-04-01T13:47:39+00:00","dateModified":"2025-04-01T13:56:36+00:00","breadcrumb":{"@id":"https:\/\/www.zulaibar.net\/es\/canal-etico\/#breadcrumb"},"inLanguage":"es","potentialAction":[{"@type":"ReadAction","target":["https:\/\/www.zulaibar.net\/es\/canal-etico\/"]}]},{"@type":"BreadcrumbList","@id":"https:\/\/www.zulaibar.net\/es\/canal-etico\/#breadcrumb","itemListElement":[{"@type":"ListItem","position":1,"name":"Portada","item":"https:\/\/www.zulaibar.net\/es\/"},{"@type":"ListItem","position":2,"name":"Canal \u00e9tico"}]},{"@type":"WebSite","@id":"https:\/\/www.zulaibar.net\/#website","url":"https:\/\/www.zulaibar.net\/","name":"Zulaibar Arratiako Lanbide Ikastegia","description":"Zulaibar Arratiako Lanbide Ikastegiaren web gunea","potentialAction":[{"@type":"SearchAction","target":{"@type":"EntryPoint","urlTemplate":"https:\/\/www.zulaibar.net\/?s={search_term_string}"},"query-input":"required name=search_term_string"}],"inLanguage":"es"}]}},"_links":{"self":[{"href":"https:\/\/www.zulaibar.net\/es\/wp-json\/wp\/v2\/pages\/7090"}],"collection":[{"href":"https:\/\/www.zulaibar.net\/es\/wp-json\/wp\/v2\/pages"}],"about":[{"href":"https:\/\/www.zulaibar.net\/es\/wp-json\/wp\/v2\/types\/page"}],"author":[{"embeddable":true,"href":"https:\/\/www.zulaibar.net\/es\/wp-json\/wp\/v2\/users\/1"}],"replies":[{"embeddable":true,"href":"https:\/\/www.zulaibar.net\/es\/wp-json\/wp\/v2\/comments?post=7090"}],"version-history":[{"count":14,"href":"https:\/\/www.zulaibar.net\/es\/wp-json\/wp\/v2\/pages\/7090\/revisions"}],"predecessor-version":[{"id":7106,"href":"https:\/\/www.zulaibar.net\/es\/wp-json\/wp\/v2\/pages\/7090\/revisions\/7106"}],"wp:attachment":[{"href":"https:\/\/www.zulaibar.net\/es\/wp-json\/wp\/v2\/media?parent=7090"}],"curies":[{"name":"wp","href":"https:\/\/api.w.org\/{rel}","templated":true}]}}